{"id":6905,"date":"2022-10-11T15:09:36","date_gmt":"2022-10-11T13:09:36","guid":{"rendered":"https:\/\/burckhardt.swiss\/qui-nous-sommes\/"},"modified":"2025-10-02T12:57:25","modified_gmt":"2025-10-02T10:57:25","slug":"qui-nous-sommes","status":"publish","type":"page","link":"https:\/\/burckhardt.swiss\/fr\/qui-nous-sommes\/","title":{"rendered":"Qui sommes nous"},"content":{"rendered":"\n<div class=\"wp-block-group alignfull has-secondary-background-color has-background is-layout-constrained wp-container-core-group-is-layout-1 wp-block-group-is-layout-constrained\">\n<p class=\"has-big-font-size\">Nous nous inscrivons dans une culture de la construction synonyme de responsabilit\u00e9 et de conception. Nous planifions et r\u00e9alisons des projets pour une vaste palette de mandant\u00b7e\u00b7s.<\/p>\n\n\n\n<figure class=\"wp-block-video\"><video autoplay loop muted preload=\"auto\" src=\"https:\/\/burckhardt.swiss\/app\/uploads\/2023\/01\/230131_Ueber-Uns-1-1.mp4\" playsinline><\/video><\/figure>\n<\/div>\n\n\n\n<div class=\"wp-block-group is-layout-constrained wp-container-core-group-is-layout-2 wp-block-group-is-layout-constrained\">\n<h2 class=\"wp-block-heading has-text-align-center\">Typologies<\/h2>\n\n\n<div\n  id=\"block_ebed21310019157ca4f25bdac80d9582\"\n  data-block_ebed21310019157ca4f25bdac80d9582\n  class=\"fact-list align\"\n>\n      <div class=\"c-block-facts-list c-block-facts-list--desktop \"\n         style=\"grid-template-columns: repeat(, minmax(15%, 1fr));\">\n              <Fact\n          :fact=\"{&quot;icon&quot;:&quot;https:\\\/\\\/burckhardt.swiss\\\/app\\\/uploads\\\/2023\\\/01\\\/industrial.svg&quot;,&quot;headline&quot;:&quot;Industrie &amp;amp; Commerce&quot;,&quot;factsDescription&quot;:&quot;&quot;,&quot;link&quot;:&quot;&quot;}\"\n          :headline-font-weight=\"null\"\n          align=\"center\"\n        ><\/Fact>\n              <Fact\n          :fact=\"{&quot;icon&quot;:&quot;https:\\\/\\\/burckhardt.swiss\\\/app\\\/uploads\\\/2023\\\/01\\\/infrastructure.svg&quot;,&quot;headline&quot;:&quot;Infrastructure&quot;,&quot;factsDescription&quot;:&quot;&quot;,&quot;link&quot;:&quot;&quot;}\"\n          :headline-font-weight=\"null\"\n          align=\"center\"\n        ><\/Fact>\n              <Fact\n          :fact=\"{&quot;icon&quot;:&quot;https:\\\/\\\/burckhardt.swiss\\\/app\\\/uploads\\\/2023\\\/01\\\/science.svg&quot;,&quot;headline&quot;:&quot;Sciences de la vie&quot;,&quot;factsDescription&quot;:&quot;&quot;,&quot;link&quot;:&quot;&quot;}\"\n          :headline-font-weight=\"null\"\n          align=\"center\"\n        ><\/Fact>\n              <Fact\n          :fact=\"{&quot;icon&quot;:&quot;https:\\\/\\\/burckhardt.swiss\\\/app\\\/uploads\\\/2023\\\/01\\\/Frame-5.svg&quot;,&quot;headline&quot;:&quot;Tourisme et h\\u00f4tellerie&quot;,&quot;factsDescription&quot;:&quot;&quot;,&quot;link&quot;:&quot;&quot;}\"\n          :headline-font-weight=\"null\"\n          align=\"center\"\n        ><\/Fact>\n              <Fact\n          :fact=\"{&quot;icon&quot;:&quot;https:\\\/\\\/burckhardt.swiss\\\/app\\\/uploads\\\/2023\\\/01\\\/administration.svg&quot;,&quot;headline&quot;:&quot;Administration&quot;,&quot;factsDescription&quot;:&quot;&quot;,&quot;link&quot;:&quot;&quot;}\"\n          :headline-font-weight=\"null\"\n          align=\"center\"\n        ><\/Fact>\n              <Fact\n          :fact=\"{&quot;icon&quot;:&quot;https:\\\/\\\/burckhardt.swiss\\\/app\\\/uploads\\\/2023\\\/01\\\/living.svg&quot;,&quot;headline&quot;:&quot;Logement&quot;,&quot;factsDescription&quot;:&quot;&quot;,&quot;link&quot;:&quot;&quot;}\"\n          :headline-font-weight=\"null\"\n          align=\"center\"\n        ><\/Fact>\n              <Fact\n          :fact=\"{&quot;icon&quot;:&quot;https:\\\/\\\/burckhardt.swiss\\\/app\\\/uploads\\\/2023\\\/01\\\/research.svg&quot;,&quot;headline&quot;:&quot;Recherche et formation&quot;,&quot;factsDescription&quot;:&quot;&quot;,&quot;link&quot;:&quot;&quot;}\"\n          :headline-font-weight=\"null\"\n          align=\"center\"\n        ><\/Fact>\n              <Fact\n          :fact=\"{&quot;icon&quot;:&quot;https:\\\/\\\/burckhardt.swiss\\\/app\\\/uploads\\\/2023\\\/01\\\/leisure.svg&quot;,&quot;headline&quot;:&quot;Loisirs et culture&quot;,&quot;factsDescription&quot;:&quot;&quot;,&quot;link&quot;:&quot;&quot;}\"\n          :headline-font-weight=\"null\"\n          align=\"center\"\n        ><\/Fact>\n              <Fact\n          :fact=\"{&quot;icon&quot;:&quot;https:\\\/\\\/burckhardt.swiss\\\/app\\\/uploads\\\/2023\\\/01\\\/Vector.svg&quot;,&quot;headline&quot;:&quot;Sant\\u00e9&quot;,&quot;factsDescription&quot;:&quot;&quot;,&quot;link&quot;:&quot;&quot;}\"\n          :headline-font-weight=\"null\"\n          align=\"center\"\n        ><\/Fact>\n              <Fact\n          :fact=\"{&quot;icon&quot;:&quot;https:\\\/\\\/burckhardt.swiss\\\/app\\\/uploads\\\/2023\\\/01\\\/Frame-1-1.svg&quot;,&quot;headline&quot;:&quot;Commerce et vente&quot;,&quot;factsDescription&quot;:&quot;&quot;,&quot;link&quot;:&quot;&quot;}\"\n          :headline-font-weight=\"null\"\n          align=\"center\"\n        ><\/Fact>\n          <\/div>\n\n    <div class=\"c-block-facts-list c-block-facts-list--mobile \">\n      <slider :records=\"[{&quot;icon&quot;:&quot;https:\\\/\\\/burckhardt.swiss\\\/app\\\/uploads\\\/2023\\\/01\\\/industrial.svg&quot;,&quot;headline&quot;:&quot;Industrie &amp;amp; Commerce&quot;,&quot;factsDescription&quot;:&quot;&quot;,&quot;link&quot;:&quot;&quot;},{&quot;icon&quot;:&quot;https:\\\/\\\/burckhardt.swiss\\\/app\\\/uploads\\\/2023\\\/01\\\/infrastructure.svg&quot;,&quot;headline&quot;:&quot;Infrastructure&quot;,&quot;factsDescription&quot;:&quot;&quot;,&quot;link&quot;:&quot;&quot;},{&quot;icon&quot;:&quot;https:\\\/\\\/burckhardt.swiss\\\/app\\\/uploads\\\/2023\\\/01\\\/science.svg&quot;,&quot;headline&quot;:&quot;Sciences de la vie&quot;,&quot;factsDescription&quot;:&quot;&quot;,&quot;link&quot;:&quot;&quot;},{&quot;icon&quot;:&quot;https:\\\/\\\/burckhardt.swiss\\\/app\\\/uploads\\\/2023\\\/01\\\/Frame-5.svg&quot;,&quot;headline&quot;:&quot;Tourisme et h\\u00f4tellerie&quot;,&quot;factsDescription&quot;:&quot;&quot;,&quot;link&quot;:&quot;&quot;},{&quot;icon&quot;:&quot;https:\\\/\\\/burckhardt.swiss\\\/app\\\/uploads\\\/2023\\\/01\\\/administration.svg&quot;,&quot;headline&quot;:&quot;Administration&quot;,&quot;factsDescription&quot;:&quot;&quot;,&quot;link&quot;:&quot;&quot;},{&quot;icon&quot;:&quot;https:\\\/\\\/burckhardt.swiss\\\/app\\\/uploads\\\/2023\\\/01\\\/living.svg&quot;,&quot;headline&quot;:&quot;Logement&quot;,&quot;factsDescription&quot;:&quot;&quot;,&quot;link&quot;:&quot;&quot;},{&quot;icon&quot;:&quot;https:\\\/\\\/burckhardt.swiss\\\/app\\\/uploads\\\/2023\\\/01\\\/research.svg&quot;,&quot;headline&quot;:&quot;Recherche et formation&quot;,&quot;factsDescription&quot;:&quot;&quot;,&quot;link&quot;:&quot;&quot;},{&quot;icon&quot;:&quot;https:\\\/\\\/burckhardt.swiss\\\/app\\\/uploads\\\/2023\\\/01\\\/leisure.svg&quot;,&quot;headline&quot;:&quot;Loisirs et culture&quot;,&quot;factsDescription&quot;:&quot;&quot;,&quot;link&quot;:&quot;&quot;},{&quot;icon&quot;:&quot;https:\\\/\\\/burckhardt.swiss\\\/app\\\/uploads\\\/2023\\\/01\\\/Vector.svg&quot;,&quot;headline&quot;:&quot;Sant\\u00e9&quot;,&quot;factsDescription&quot;:&quot;&quot;,&quot;link&quot;:&quot;&quot;},{&quot;icon&quot;:&quot;https:\\\/\\\/burckhardt.swiss\\\/app\\\/uploads\\\/2023\\\/01\\\/Frame-1-1.svg&quot;,&quot;headline&quot;:&quot;Commerce et vente&quot;,&quot;factsDescription&quot;:&quot;&quot;,&quot;link&quot;:&quot;&quot;}]\">\n        <template #record=\"record\">\n          <Fact\n            :fact=\"record\"\n            :headline-font-weight=\"null\"\n            :align=\"center\"\n          ><\/Fact>\n        <\/template>\n      <\/slider>\n    <\/div>\n  <\/div>\n\n<\/div>\n\n\n\n<div class=\"wp-block-group alignfull has-secondary-background-color has-background is-content-justification-center is-layout-constrained wp-container-core-group-is-layout-3 wp-block-group-is-layout-constrained\">\n<p class=\"has-big-font-size\">Nous tenons \u00e0 \u00eatre proches de nos mandantes, tant sur le plan g\u00e9ographique que linguistique. Nos bureaux travaillent en \u00e9troite concertation et connaissent les r\u00e9alit\u00e9s de terrain locales. Nos sp\u00e9cialistes en architecture, construction, BIM, informatique, communication et gestion de projet d\u00e9ploient leurs comp\u00e9tences sur chaque site.<\/p>\n\n\n<div\n  id=\"block_ed8fe1147e1767c3244e6c44adc2ae48\"\n  data-block_ed8fe1147e1767c3244e6c44adc2ae48\n  class=\"c-block-facts facts align\"\n>\n      <div class=\"c-block-facts__value\">\n      440\n    <\/div>\n    <div class=\"c-block-facts__label\">\n      collaboratrices et collaborateurs\n    <\/div>\n      <div class=\"c-block-facts__value\">\n      8\n    <\/div>\n    <div class=\"c-block-facts__label\">\n      Sites\n    <\/div>\n      <div class=\"c-block-facts__value\">\n      26\n    <\/div>\n    <div class=\"c-block-facts__label\">\n      nationalit\u00e9s\n    <\/div>\n  <\/div>\n<\/div>\n\n\n\n<div class=\"wp-block-group is-layout-constrained wp-block-group-is-layout-constrained\">\n<h2 class=\"wp-block-heading has-text-align-center\">L\u2019\u00e9quipe<\/h2>\n\n\n\n<div class=\"wp-block-buttons is-content-justification-center is-layout-flex wp-container-core-buttons-is-layout-1 wp-block-buttons-is-layout-flex\">\n<div class=\"wp-block-button has-custom-font-size is-style-without-background has-small-font-size\"><a class=\"wp-block-button__link wp-element-button\" href=\"https:\/\/burckhardt.swiss\/fr\/qui-nous-sommes\/notre-equipe\/\">Afficher l\u2019ensemble des collaboratrices et collaborateurs<\/a><\/div>\n<\/div>\n\n\n<div\n  id=\"block_256338875b9154325cdfdc346ab6da9b\"\n  data-block_256338875b9154325cdfdc346ab6da9b\n  class=\"employee-teaser align\"\n>\n  <record-explorer\n    endpoint='employees'\n    fields='title,acf,link,type,id,_links,_embedded'\n    orderby='rand'\n    :limit='6'\n    :show-filters='false'\n    :labels='{\"name\":\"collaboratrices et collaborateurs\",\"singular_name\":\"Employee\",\"add_new\":\"Add New\",\"add_new_item\":\"Add New Employee\",\"edit_item\":\"Edit Employee\",\"new_item\":\"New Employee\",\"view_item\":\"View Employee\",\"view_items\":\"View Employees\",\"search_items\":\"Search Employees\",\"not_found\":\"No employees found.\",\"not_found_in_trash\":\"No employees found in trash.\",\"parent_item_colon\":\"Parent Employee:\",\"all_items\":\"All Employees\",\"archives\":\"Employee Archives\",\"attributes\":\"Employee Attributes\",\"insert_into_item\":\"Insert into employee\",\"uploaded_to_this_item\":\"Uploaded to this employee\",\"featured_image\":\"Featured image\",\"set_featured_image\":\"Set featured image\",\"remove_featured_image\":\"Remove featured image\",\"use_featured_image\":\"Use as featured image\",\"filter_items_list\":\"Filter employees list\",\"filter_by_date\":\"Filter by date\",\"items_list_navigation\":\"Employees list navigation\",\"items_list\":\"Employees list\",\"item_published\":\"Employee published.\",\"item_published_privately\":\"Employee published privately.\",\"item_reverted_to_draft\":\"Employee reverted to draft.\",\"item_trashed\":\"Post trashed.\",\"item_scheduled\":\"Employee scheduled.\",\"item_updated\":\"Employee updated.\",\"item_link\":\"Post Link\",\"item_link_description\":\"A link to a post.\",\"menu_name\":\"collaboratrices et collaborateurs\",\"name_admin_bar\":\"Employee\",\"template_name\":\"Single item: Employee\"}'\n    :params='{\"branches\":\"83\"}'\n    :include='[]'\n    :has-pages='false'\n    :scroll-loading='false'\n  >\n    <template #record=\"props\">\n      <a :href=\"props.record.link\" class=\"u-1\/3@tablet u-1\/2@mobile u-1\/1\">\n        <employee\n          :employee='props.record'\n          alignment='vertical'\n          :show-phone='false'\n        ><\/employee>\n      <\/a>\n    <\/template>\n  <\/record-explorer>\n<\/div>\n\n<\/div>\n\n\n\n<div class=\"wp-block-cover alignfull is-light has-custom-content-position is-position-top-left\" style=\"min-height:600px;aspect-ratio:unset;\"><span aria-hidden=\"true\" class=\"wp-block-cover__background has-background-dim-0 has-background-dim\" style=\"background-color:#8a8982\"><\/span><img loading=\"lazy\" decoding=\"async\" width=\"2000\" height=\"1125\" class=\"wp-block-cover__image-background wp-image-31483\" alt=\"\" src=\"https:\/\/burckhardt.swiss\/app\/uploads\/2024\/09\/Burckhardt_20ansSR_People_101_klein.jpg\" data-object-fit=\"cover\" srcset=\"https:\/\/burckhardt.swiss\/app\/uploads\/2024\/09\/Burckhardt_20ansSR_People_101_klein.jpg 2000w, https:\/\/burckhardt.swiss\/app\/uploads\/2024\/09\/Burckhardt_20ansSR_People_101_klein-300x169.jpg 300w, https:\/\/burckhardt.swiss\/app\/uploads\/2024\/09\/Burckhardt_20ansSR_People_101_klein-1024x576.jpg 1024w, https:\/\/burckhardt.swiss\/app\/uploads\/2024\/09\/Burckhardt_20ansSR_People_101_klein-600x338.jpg 600w, https:\/\/burckhardt.swiss\/app\/uploads\/2024\/09\/Burckhardt_20ansSR_People_101_klein-1200x675.jpg 1200w, https:\/\/burckhardt.swiss\/app\/uploads\/2024\/09\/Burckhardt_20ansSR_People_101_klein-500x281.jpg 500w, https:\/\/burckhardt.swiss\/app\/uploads\/2024\/09\/Burckhardt_20ansSR_People_101_klein-1000x563.jpg 1000w, https:\/\/burckhardt.swiss\/app\/uploads\/2024\/09\/Burckhardt_20ansSR_People_101_klein-700x394.jpg 700w, https:\/\/burckhardt.swiss\/app\/uploads\/2024\/09\/Burckhardt_20ansSR_People_101_klein-1400x788.jpg 1400w\" sizes=\"auto, (max-width: 2000px) 100vw, 2000px\" \/><div class=\"wp-block-cover__inner-container is-layout-constrained wp-block-cover-is-layout-constrained\">\n<h2 class=\"wp-block-heading has-text-align-left has-large-font-size\">20 ans de Burckhardt en Suisse romande<\/h2>\n\n\n\n<p>Il y a 20 ans, en 2004, Burckhardt d\u00e9butait son activit\u00e9 \u00e0 Gen\u00e8ve et \u00e0 Lausanne. Comment c\u00e9l\u00e9brer l\u2019anniversaire d\u2019un bureau d\u2019architecture ou d\u2019une succursale qui s\u2019appuie sur une histoire \u00e0 succ\u00e8s?<\/p>\n\n\n\n<div class=\"wp-block-buttons is-layout-flex wp-block-buttons-is-layout-flex\">\n<div class=\"wp-block-button\"><a class=\"wp-block-button__link wp-element-button\" href=\"https:\/\/burckhardt.swiss\/fr\/project\/20-ans-de-burckhardt-en-suisse-romande\/\">en savoir plus<\/a><\/div>\n<\/div>\n<\/div><\/div>\n\n\n\n<div class=\"wp-block-group is-layout-constrained wp-block-group-is-layout-constrained\">\n<div class=\"wp-block-columns are-vertically-aligned-center is-layout-flex wp-container-core-columns-is-layout-1 wp-block-columns-is-layout-flex\">\n<div class=\"wp-block-column is-vertically-aligned-center is-layout-flow wp-block-column-is-layout-flow\">\n<blockquote class=\"wp-block-quote is-style-overlap-right is-layout-flow wp-block-quote-is-layout-flow\">\n<p><strong>L\u2019humain est au centre:<\/strong> nous construisons avec et pour lui.<\/p>\n<cite>Julio Mu\u00f1oz Guti\u00e9rrez, responsable de projet<\/cite><\/blockquote>\n<\/div>\n\n\n\n<div class=\"wp-block-column is-vertically-aligned-center is-layout-flow wp-block-column-is-layout-flow\">\n<figure class=\"wp-block-image size-full is-resized\"><img loading=\"lazy\" decoding=\"async\" width=\"577\" height=\"445\" src=\"https:\/\/burckhardt.swiss\/app\/uploads\/2023\/01\/Freunde-von-Freunden-Xi_Zhang_027-11.jpg\" alt=\"\" class=\"wp-image-860\" srcset=\"https:\/\/burckhardt.swiss\/app\/uploads\/2023\/01\/Freunde-von-Freunden-Xi_Zhang_027-11.jpg 577w, https:\/\/burckhardt.swiss\/app\/uploads\/2023\/01\/Freunde-von-Freunden-Xi_Zhang_027-11-300x231.jpg 300w, https:\/\/burckhardt.swiss\/app\/uploads\/2023\/01\/Freunde-von-Freunden-Xi_Zhang_027-11-500x386.jpg 500w\" sizes=\"auto, (max-width: 577px) 100vw, 577px\" \/><\/figure>\n<\/div>\n<\/div>\n<\/div>\n\n\n\n<div class=\"wp-block-group alignfull has-secondary-background-color has-background is-layout-constrained wp-container-core-group-is-layout-6 wp-block-group-is-layout-constrained\">\n<h1 class=\"wp-block-heading has-text-align-center\">Valeurs de la marque<\/h1>\n\n\n\n<p class=\"has-large-font-size\">Nos valeurs nous guident: elles fa\u00e7onnent notre collaboration avec nos coll\u00e8gues, nos mandantes et nos partenaires commerciaux. <\/p>\n\n\n\n<div class=\"wp-block-columns is-layout-flex wp-container-core-columns-is-layout-2 wp-block-columns-is-layout-flex\">\n<div class=\"wp-block-column is-layout-flow wp-block-column-is-layout-flow\">\n<p class=\"has-text-align-left has-big-font-size\"><strong>Le plaisir de travailler ensemble nous permet d\u2019accomplir de grandes choses.<\/strong><\/p>\n<\/div>\n\n\n\n<div class=\"wp-block-column is-layout-flow wp-block-column-is-layout-flow\">\n<p class=\"has-text-align-left has-big-font-size\"><strong>Nos actes ont un impact sur l\u2019avenir.<\/strong><\/p>\n<\/div>\n<\/div>\n\n\n\n<div class=\"wp-block-columns is-layout-flex wp-container-core-columns-is-layout-3 wp-block-columns-is-layout-flex\">\n<div class=\"wp-block-column is-layout-flow wp-block-column-is-layout-flow\">\n<p class=\"has-big-font-size\"><strong>Nous ne cesserons jamais d\u2019\u00e9voluer.<\/strong><\/p>\n<\/div>\n\n\n\n<div class=\"wp-block-column is-layout-flow wp-block-column-is-layout-flow\">\n<p class=\"has-big-font-size\"><strong>Les attentes \u00e9lev\u00e9es nous motivent.<\/strong><\/p>\n<\/div>\n<\/div>\n<\/div>\n\n\n\n<div class=\"wp-block-group alignfull has-white-background-color has-background is-layout-constrained wp-container-core-group-is-layout-8 wp-block-group-is-layout-constrained\">\n<h2 class=\"wp-block-heading has-text-align-center\" style=\"font-weight:400\">Groupe d\u2019entreprises<\/h2>\n\n\n\n<div class=\"wp-block-group alignwide is-layout-constrained wp-block-group-is-layout-constrained\">\n<div class=\"wp-block-columns alignwide is-layout-flex wp-container-core-columns-is-layout-4 wp-block-columns-is-layout-flex\">\n<div class=\"wp-block-column is-layout-flow wp-block-column-is-layout-flow\">\n<h3 class=\"wp-block-heading is-style-default has-big-font-size\">Burckhardt D\u00e9veloppements<\/h3>\n\n\n\n<p>Chez Burckhardt D\u00e9veloppements, nous suivons une approche globale et pluridisciplinaire. Nos sp\u00e9cialistes sont des architectes et des responsables de projet chevronn\u00e9s dans la conception et tr\u00e8s au fait des questions \u00e9conomiques. Notre pr\u00e9cieuse connaissance de l\u2019ensemble de la cha\u00eene de cr\u00e9ation de valeur immobili\u00e8re nous permet de proposer des solutions personnalis\u00e9es \u00e0 notre client\u00e8le. <\/p>\n\n\n\n<div class=\"wp-block-buttons is-layout-flex wp-block-buttons-is-layout-flex\">\n<div class=\"wp-block-button is-style-without-background\"><a class=\"wp-block-button__link wp-element-button\" href=\"https:\/\/entwicklungen.burckhardt.swiss\/\" target=\"_blank\" rel=\"noreferrer noopener\">en savoir plus<\/a><\/div>\n<\/div>\n<\/div>\n\n\n\n<div class=\"wp-block-column is-layout-flow wp-block-column-is-layout-flow\">\n<h3 class=\"wp-block-heading is-style-default has-big-font-size\">Burckhardt<br>Architektur<\/h3>\n\n\n\n<p>L\u2019architecture est notre c\u0153ur de m\u00e9tier et notre passion. Avec l\u2019\u00e9lite de notre branche, nous fournissons toutes les prestations, de l\u2019analyse \u00e0 la livraison. Notre activit\u00e9 est internationale, tant au niveau de la conception que de la planification et de la r\u00e9alisation.  <\/p>\n\n\n\n<div class=\"wp-block-buttons is-layout-flex wp-block-buttons-is-layout-flex\">\n<div class=\"wp-block-button is-style-without-background\"><a class=\"wp-block-button__link wp-element-button\" href=\"https:\/\/burckhardt.swiss\/fr\/nos-projets\/\">en savoir plus<\/a><\/div>\n<\/div>\n<\/div>\n\n\n\n<div class=\"wp-block-column is-layout-flow wp-block-column-is-layout-flow\">\n<h3 class=\"wp-block-heading is-style-default has-big-font-size\">Burckhardt <br>Immobilier<\/h3>\n\n\n\n<p>Fond\u00e9e en 1989 \u00e0 B\u00e2le, Burckhardt Immobilien est devenue au fil des ans un partenaire privil\u00e9gi\u00e9 et fiable de renom dans le domaine de l\u2019immobilier r\u00e9sidentiel \u00e0 B\u00e2le et B\u00e2le-Campagne, et s\u2019est \u00e9tablie avec succ\u00e8s sur le march\u00e9.<\/p>\n\n\n\n<div class=\"wp-block-buttons is-layout-flex wp-block-buttons-is-layout-flex\">\n<div class=\"wp-block-button is-style-without-background\"><a class=\"wp-block-button__link wp-element-button\" href=\"https:\/\/immobilien.burckhardt.swiss\/\" target=\"_blank\" rel=\"noreferrer noopener\">en savoir plus<\/a><\/div>\n<\/div>\n<\/div>\n<\/div>\n<\/div>\n<\/div>\n","protected":false},"excerpt":{"rendered":"<p>Nous nous inscrivons dans une culture de la construction synonyme de responsabilit\u00e9 et de conception. Nous planifions et r\u00e9alisons des projets pour une vaste palette de mandant\u00b7e\u00b7s. Typologies Nous tenons \u00e0 \u00eatre proches de nos mandantes, tant sur le plan g\u00e9ographique que linguistique. Nos bureaux travaillent en \u00e9troite concertation et connaissent les r\u00e9alit\u00e9s de terrain &hellip;<\/p>\n","protected":false},"author":1,"featured_media":0,"parent":0,"menu_order":1,"comment_status":"closed","ping_status":"closed","template":"","meta":{"_acf_changed":false,"footnotes":""},"class_list":["post-6905","page","type-page","status-publish","hentry"],"acf":[],"_links":{"self":[{"href":"https:\/\/burckhardt.swiss\/fr\/wp-json\/wp\/v2\/pages\/6905","targetHints":{"allow":["GET"]}}],"collection":[{"href":"https:\/\/burckhardt.swiss\/fr\/wp-json\/wp\/v2\/pages"}],"about":[{"href":"https:\/\/burckhardt.swiss\/fr\/wp-json\/wp\/v2\/types\/page"}],"author":[{"embeddable":true,"href":"https:\/\/burckhardt.swiss\/fr\/wp-json\/wp\/v2\/users\/1"}],"replies":[{"embeddable":true,"href":"https:\/\/burckhardt.swiss\/fr\/wp-json\/wp\/v2\/comments?post=6905"}],"version-history":[{"count":59,"href":"https:\/\/burckhardt.swiss\/fr\/wp-json\/wp\/v2\/pages\/6905\/revisions"}],"predecessor-version":[{"id":37456,"href":"https:\/\/burckhardt.swiss\/fr\/wp-json\/wp\/v2\/pages\/6905\/revisions\/37456"}],"wp:attachment":[{"href":"https:\/\/burckhardt.swiss\/fr\/wp-json\/wp\/v2\/media?parent=6905"}],"curies":[{"name":"wp","href":"https:\/\/api.w.org\/{rel}","templated":true}]}}