{"id":15214,"date":"2023-05-09T15:38:37","date_gmt":"2023-05-09T13:38:37","guid":{"rendered":"https:\/\/burckhardt.swiss\/?page_id=15214"},"modified":"2024-07-03T14:08:11","modified_gmt":"2024-07-03T12:08:11","slug":"espace-presse","status":"publish","type":"page","link":"https:\/\/burckhardt.swiss\/fr\/espace-presse\/","title":{"rendered":"Espace presse"},"content":{"rendered":"\n<div class=\"wp-block-group alignfull has-secondary-background-color has-background is-layout-constrained wp-container-core-group-is-layout-1 wp-block-group-is-layout-constrained\">\n<h2 class=\"wp-block-heading has-text-align-center\">Bienvenue dans l&#8217;espace presse<\/h2>\n\n\n\n<p class=\"has-big-font-size\">Les journalistes trouveront ici les derniers communiqu\u00e9s de presse. Sur demande, nous mettons \u00e9galement \u00e0 votre disposition des visualisations et des images.  <br\/>Vous avez besoin d&#8217;informations suppl\u00e9mentaires ? L&#8217;\u00e9quipe de la communication se r\u00e9jouit de votre prise de contact.  <\/p>\n<\/div>\n\n<div class=\"wp-block-group is-layout-constrained wp-block-group-is-layout-constrained\">\n<h2 class=\"wp-block-heading has-text-align-center\">Communiqu\u00e9s de presse<\/h2>\n\n\n<div\n  id=\"block_cbc78fe8f1ae320711de1917bc33e7d9\"\n  data-block_cbc78fe8f1ae320711de1917bc33e7d9\n  class=\"downloads align\"\n>\n  <record-explorer\n    endpoint='downloads'\n    fields='title,acf,date_gmt,type,id,_links,_embedded'\n    :include='[15208,14921,14897,14926]'\n    :labels='{\"name\":\"Downloads\",\"singular_name\":\"Download\",\"add_new\":\"Add New\",\"add_new_item\":\"Add New Download\",\"edit_item\":\"Edit Download\",\"new_item\":\"New Download\",\"view_item\":\"View Download\",\"view_items\":\"View Downloads\",\"search_items\":\"Search Downloads\",\"not_found\":\"No downloads found.\",\"not_found_in_trash\":\"No downloads found in trash.\",\"parent_item_colon\":\"Parent Download:\",\"all_items\":\"All Downloads\",\"archives\":\"Download Archives\",\"attributes\":\"Download Attributes\",\"insert_into_item\":\"Insert into download\",\"uploaded_to_this_item\":\"Uploaded to this download\",\"featured_image\":\"Featured image\",\"set_featured_image\":\"Set featured image\",\"remove_featured_image\":\"Remove featured image\",\"use_featured_image\":\"Use as featured image\",\"filter_items_list\":\"Filter downloads list\",\"filter_by_date\":\"Filter by date\",\"items_list_navigation\":\"Downloads list navigation\",\"items_list\":\"Downloads list\",\"item_published\":\"Download published.\",\"item_published_privately\":\"Download published privately.\",\"item_reverted_to_draft\":\"Download reverted to draft.\",\"item_trashed\":\"Post trashed.\",\"item_scheduled\":\"Download scheduled.\",\"item_updated\":\"Download updated.\",\"item_link\":\"Post Link\",\"item_link_description\":\"A link to a post.\",\"menu_name\":\"Downloads\",\"name_admin_bar\":\"Download\",\"template_name\":\"Single item: Download\"}'\n    :show-filters='false'\n  >\n    <template #record=\"props\">\n      <download :download=\"props.record\" class=\"u-1\/1 u-1\/2@tablet\"><\/download>\n    <\/template>\n  <\/record-explorer>\n<\/div>\n\n\n\n\n\n<div class=\"wp-block-buttons is-content-justification-center is-layout-flex wp-container-core-buttons-is-layout-1 wp-block-buttons-is-layout-flex\">\n<div class=\"wp-block-button\"><a class=\"wp-block-button__link wp-element-button\" href=\"https:\/\/burckhardt.swiss\/fr\/?page_id=15212\" target=\"_blank\" rel=\"noreferrer noopener\">Tous communiqu\u00e9s de presse<\/a><\/div>\n<\/div>\n<\/div>\n\n<div class=\"wp-block-group alignfull has-secondary-background-color has-background is-layout-constrained wp-container-core-group-is-layout-3 wp-block-group-is-layout-constrained\">\n<h2 class=\"wp-block-heading has-text-align-center\">Equipe Communication<\/h2>\n\n\n<div\n  id=\"block_ef3d3132fa458c0a8ba4c57e37a20547\"\n  data-block_ef3d3132fa458c0a8ba4c57e37a20547\n  class=\"o-flex o-flex--wrap c-block-contacts contacts align\"\n>\n      \n    <div class=\"o-flex__item u-1\/1\">\n      <record-explorer\n        endpoint='employees'\n        fields='title,acf,link,type,id,_links,_embedded'\n        :include='[29568,9909,10098,19983,29844]'\n        :labels='{\"name\":\"collaboratrices et collaborateurs\",\"singular_name\":\"Employee\",\"add_new\":\"Add New\",\"add_new_item\":\"Add New Employee\",\"edit_item\":\"Edit Employee\",\"new_item\":\"New Employee\",\"view_item\":\"View Employee\",\"view_items\":\"View Employees\",\"search_items\":\"Search Employees\",\"not_found\":\"No employees found.\",\"not_found_in_trash\":\"No employees found in trash.\",\"parent_item_colon\":\"Parent Employee:\",\"all_items\":\"All Employees\",\"archives\":\"Employee Archives\",\"attributes\":\"Employee Attributes\",\"insert_into_item\":\"Insert into employee\",\"uploaded_to_this_item\":\"Uploaded to this employee\",\"featured_image\":\"Featured image\",\"set_featured_image\":\"Set featured image\",\"remove_featured_image\":\"Remove featured image\",\"use_featured_image\":\"Use as featured image\",\"filter_items_list\":\"Filter employees list\",\"filter_by_date\":\"Filter by date\",\"items_list_navigation\":\"Employees list navigation\",\"items_list\":\"Employees list\",\"item_published\":\"Employee published.\",\"item_published_privately\":\"Employee published privately.\",\"item_reverted_to_draft\":\"Employee reverted to draft.\",\"item_trashed\":\"Post trashed.\",\"item_scheduled\":\"Employee scheduled.\",\"item_updated\":\"Employee updated.\",\"item_link\":\"Post Link\",\"item_link_description\":\"A link to a post.\",\"menu_name\":\"collaboratrices et collaborateurs\",\"name_admin_bar\":\"Employee\",\"template_name\":\"Single item: Employee\"}'\n        :show-filters='false'\n      >\n        <template #record=\"props\">\n          <employee\n            alignment='horizontal'\n            :employee='props.record'\n            class=\"u-1\/2@mobile\"\n            :show-phone=\"false\"\n            :show-email=\"true\"\n          ><\/employee>\n        <\/template>\n      <\/record-explorer>\n    <\/div>\n  <\/div>\n\n<\/div>\n","protected":false},"excerpt":{"rendered":"<p>Bienvenue dans l&#8217;espace presse Les journalistes trouveront ici les derniers communiqu\u00e9s de presse. Sur demande, nous mettons \u00e9galement \u00e0 votre disposition des visualisations et des images. Vous avez besoin d&#8217;informations suppl\u00e9mentaires ? L&#8217;\u00e9quipe de la communication se r\u00e9jouit de votre prise de contact. Communiqu\u00e9s de presse Equipe Communication<\/p>\n","protected":false},"author":2,"featured_media":0,"parent":0,"menu_order":0,"comment_status":"closed","ping_status":"closed","template":"","meta":{"_acf_changed":false,"footnotes":""},"class_list":["post-15214","page","type-page","status-publish","hentry"],"acf":[],"_links":{"self":[{"href":"https:\/\/burckhardt.swiss\/fr\/wp-json\/wp\/v2\/pages\/15214","targetHints":{"allow":["GET"]}}],"collection":[{"href":"https:\/\/burckhardt.swiss\/fr\/wp-json\/wp\/v2\/pages"}],"about":[{"href":"https:\/\/burckhardt.swiss\/fr\/wp-json\/wp\/v2\/types\/page"}],"author":[{"embeddable":true,"href":"https:\/\/burckhardt.swiss\/fr\/wp-json\/wp\/v2\/users\/2"}],"replies":[{"embeddable":true,"href":"https:\/\/burckhardt.swiss\/fr\/wp-json\/wp\/v2\/comments?post=15214"}],"version-history":[{"count":17,"href":"https:\/\/burckhardt.swiss\/fr\/wp-json\/wp\/v2\/pages\/15214\/revisions"}],"predecessor-version":[{"id":29874,"href":"https:\/\/burckhardt.swiss\/fr\/wp-json\/wp\/v2\/pages\/15214\/revisions\/29874"}],"wp:attachment":[{"href":"https:\/\/burckhardt.swiss\/fr\/wp-json\/wp\/v2\/media?parent=15214"}],"curies":[{"name":"wp","href":"https:\/\/api.w.org\/{rel}","templated":true}]}}