{"id":13768,"date":"2022-10-26T11:52:01","date_gmt":"2022-10-26T09:52:01","guid":{"rendered":"https:\/\/burckhardt.swiss\/qui-nous-sommes\/notre-equipe\/"},"modified":"2023-03-22T14:00:46","modified_gmt":"2023-03-22T13:00:46","slug":"notre-equipe","status":"publish","type":"page","link":"https:\/\/burckhardt.swiss\/fr\/qui-nous-sommes\/notre-equipe\/","title":{"rendered":"Notre \u00e9quipe"},"content":{"rendered":"\n<div class=\"wp-block-group is-layout-constrained wp-container-core-group-is-layout-1 wp-block-group-is-layout-constrained\">\n<h2 class=\"has-text-align-center wp-block-heading\">Notre \u00e9quipe<\/h2>\n\n\n\n<p class=\"has-big-font-size\">Chez Burckhardt, nous aimons aussi communiquer en plusieurs langues. N&#8217;h\u00e9sitez pas \u00e0 nous contacter &#8211; nous nous ferons un plaisir de vous r\u00e9pondre ! <\/p>\n<\/div>\n<div\n  id=\"block_3e0b13ae4363a7ff3a36247a7c6767af\"\n  data-block_3e0b13ae4363a7ff3a36247a7c6767af\n  class=\"employee-list align\"\n>\n  <record-explorer\n    endpoint='employees'\n    fields='title,acf,link,type,id,_links,_embedded'\n    :filters=\"['position', 'location']\"\n    :params='{\"branches\":\"83\"}'\n    :labels='{\"name\":\"collaboratrices et collaborateurs\",\"singular_name\":\"Employee\",\"add_new\":\"Add New\",\"add_new_item\":\"Add New Employee\",\"edit_item\":\"Edit Employee\",\"new_item\":\"New Employee\",\"view_item\":\"View Employee\",\"view_items\":\"View Employees\",\"search_items\":\"Search Employees\",\"not_found\":\"No employees found.\",\"not_found_in_trash\":\"No employees found in trash.\",\"parent_item_colon\":\"Parent Employee:\",\"all_items\":\"All Employees\",\"archives\":\"Employee Archives\",\"attributes\":\"Employee Attributes\",\"insert_into_item\":\"Insert into employee\",\"uploaded_to_this_item\":\"Uploaded to this employee\",\"featured_image\":\"Featured image\",\"set_featured_image\":\"Set featured image\",\"remove_featured_image\":\"Remove featured image\",\"use_featured_image\":\"Use as featured image\",\"filter_items_list\":\"Filter employees list\",\"filter_by_date\":\"Filter by date\",\"items_list_navigation\":\"Employees list navigation\",\"items_list\":\"Employees list\",\"item_published\":\"Employee published.\",\"item_published_privately\":\"Employee published privately.\",\"item_reverted_to_draft\":\"Employee reverted to draft.\",\"item_trashed\":\"Post trashed.\",\"item_scheduled\":\"Employee scheduled.\",\"item_updated\":\"Employee updated.\",\"item_link\":\"Post Link\",\"item_link_description\":\"A link to a post.\",\"menu_name\":\"collaboratrices et collaborateurs\",\"name_admin_bar\":\"Employee\",\"template_name\":\"Single item: Employee\"}'\n    :scroll-loading='true'\n    :show-filters='true'\n    :has-pages='true'\n    :limit='12'\n    order='asc'\n    orderby='title'\n  >\n    <template #record=\"props\">\n      <a :href=\"props.record.link\" class=\"u-1\/3@tablet u-1\/2@mobile u-1\/1\">\n        <employee\n          :employee='props.record'\n          alignment='vertical'\n          :show-phone='false'\n        ><\/employee>\n      <\/a>\n    <\/template>\n  <\/record-explorer>\n<\/div>\n\n","protected":false},"excerpt":{"rendered":"<p>Notre \u00e9quipe Chez Burckhardt, nous aimons aussi communiquer en plusieurs langues. N&#8217;h\u00e9sitez pas \u00e0 nous contacter &#8211; nous nous ferons un plaisir de vous r\u00e9pondre !<\/p>\n","protected":false},"author":1,"featured_media":0,"parent":6905,"menu_order":0,"comment_status":"closed","ping_status":"closed","template":"","meta":{"_acf_changed":false,"footnotes":""},"class_list":["post-13768","page","type-page","status-publish","hentry"],"acf":[],"_links":{"self":[{"href":"https:\/\/burckhardt.swiss\/fr\/wp-json\/wp\/v2\/pages\/13768","targetHints":{"allow":["GET"]}}],"collection":[{"href":"https:\/\/burckhardt.swiss\/fr\/wp-json\/wp\/v2\/pages"}],"about":[{"href":"https:\/\/burckhardt.swiss\/fr\/wp-json\/wp\/v2\/types\/page"}],"author":[{"embeddable":true,"href":"https:\/\/burckhardt.swiss\/fr\/wp-json\/wp\/v2\/users\/1"}],"replies":[{"embeddable":true,"href":"https:\/\/burckhardt.swiss\/fr\/wp-json\/wp\/v2\/comments?post=13768"}],"version-history":[{"count":1,"href":"https:\/\/burckhardt.swiss\/fr\/wp-json\/wp\/v2\/pages\/13768\/revisions"}],"predecessor-version":[{"id":13769,"href":"https:\/\/burckhardt.swiss\/fr\/wp-json\/wp\/v2\/pages\/13768\/revisions\/13769"}],"up":[{"embeddable":true,"href":"https:\/\/burckhardt.swiss\/fr\/wp-json\/wp\/v2\/pages\/6905"}],"wp:attachment":[{"href":"https:\/\/burckhardt.swiss\/fr\/wp-json\/wp\/v2\/media?parent=13768"}],"curies":[{"name":"wp","href":"https:\/\/api.w.org\/{rel}","templated":true}]}}