{"id":13399,"date":"2023-01-13T10:55:25","date_gmt":"2023-01-13T09:55:25","guid":{"rendered":"https:\/\/burckhardt.swiss\/mentions-legales\/"},"modified":"2023-03-20T15:39:56","modified_gmt":"2023-03-20T14:39:56","slug":"mentions-legales","status":"publish","type":"page","link":"https:\/\/burckhardt.swiss\/fr\/mentions-legales\/","title":{"rendered":"Mentions l\u00e9gales"},"content":{"rendered":"\n<h1 class=\"has-text-align-center has-huge-font-size wp-block-heading\">Mentions l\u00e9gales<\/h1>\n\n<p>Contact Adresse<br\/>Burckhardt Architektur AG<br\/>Dornacherstrasse 210<br\/>4002 B\u00e2le<br\/>Suisse<br\/>basel@burckhardt.swiss<\/p>\n\n<p>Inscription au registre du commerce<br\/>Nom de la soci\u00e9t\u00e9 inscrite : Burckhardt Architektur AG<br\/>Num\u00e9ro : CHE-105.931.107<br\/>Office du registre du commerce : B\u00e2le-Ville<br\/>Num\u00e9ro TVA : CHE-226.093.441 MWST<a href=\"https:\/\/eur01.safelinks.protection.outlook.com\/?url=https%3A%2F%2Fwww.uid.admin.ch%2FDetail.aspx%3Fuid_id%3DCHE-226.093.441&amp;data=05%7C01%7Csilke.tetzlaff%40burckhardtpartner.ch%7C46bc7b7a4aa0466d7c5a08db286aab75%7C8443b9754c2e4977a18788d37e54f450%7C0%7C0%7C638148210836510953%7CUnknown%7CTWFpbGZsb3d8eyJWIjoiMC4wLjAwMDAiLCJQIjoiV2luMzIiLCJBTiI6Ik1haWwiLCJXVCI6Mn0%3D%7C3000%7C%7C%7C&amp;sdata=0XkrYel6Z7aW6fHLv%2BYVcOtQllA14T8o%2B4EKTgPr93w%3D&amp;reserved=0\"><\/a><\/p>\n\n<p>Clause de non-responsabilit\u00e9<br\/>L\u2019auteur ne garantit aucunement l\u2019exactitude, la pr\u00e9cision, l\u2019actualit\u00e9, la fiabilit\u00e9 et la compl\u00e9tude des informations fournies. L\u2019auteur ne saurait \u00eatre tenu responsable des dommages mat\u00e9riels ou immat\u00e9riels engendr\u00e9s par l\u2019acc\u00e8s aux informations diffus\u00e9es ou par leur utilisation ou non-utilisation, par le mauvais usage de la connexion ou des probl\u00e8mes techniques. Responsabilit\u00e9 relative aux liens Les renvois et les liens donnant acc\u00e8s \u00e0 d\u2019autres sites Internet ne sont pas de notre responsabilit\u00e9. Nous rejetons toute responsabilit\u00e9 quant \u00e0 ces sites Internet. L&#8217;acc\u00e8s et l\u2019utilisation de ces sites se font aux risques de l\u2019utilisateur. <\/p>\n\n<p>Responsabilit\u00e9 relative aux liens<br\/>Les renvois et les liens donnant acc\u00e8s \u00e0 d\u2019autres sites Internet ne sont pas de notre responsabilit\u00e9. Nous rejetons toute responsabilit\u00e9 quant \u00e0 ces sites Internet. L&#8217;acc\u00e8s et l\u2019utilisation de ces sites se font aux risques de l\u2019utilisateur.  <\/p>\n\n<p>Droits d\u2019auteur<br\/>Les droits d&#8217;auteur et tous les autres droits li\u00e9s aux textes, illustrations, photographies et autres donn\u00e9es mises sur le site sont la propri\u00e9t\u00e9 exclusive de la soci\u00e9t\u00e9 Burckhardt Architektur AG ou des d\u00e9tenteurs des droits express\u00e9ment cit\u00e9s. Toute reproduction, publication ou utilisation de n\u2019importe quel \u00e9l\u00e9ment ou information du site est soumise \u00e0 l&#8217;autorisation \u00e9crite pr\u00e9alable des d\u00e9tenteurs des droits d\u2019auteur. <\/p>\n\n<p>Le contenu du pr\u00e9sent site Internet est pr\u00e9sent\u00e9 uniquement \u00e0 titre informatif. Les informations donn\u00e9es dans ce site peuvent \u00eatre modifi\u00e9es, remplac\u00e9es, enlev\u00e9es ou effac\u00e9es \u00e0 tout moment et sans pr\u00e9avis. <\/p>\n\n<p>Si vous deviez constater des incons\u00e9quences ou apporter des corrections, veuillez nous contacter \u00e0 l\u2019adresse suivante : basel@burckhardt.swiss<\/p>\n\n<p>Site internet<br\/>Conception, design et programmation <br\/>Realgestalt GmbH + AgProp GmbH<\/p>\n\n<p>\u00a9 2023, Burckhardt Architektur AG, B\u00e2le, Suisse. Tous droits r\u00e9serv\u00e9s.<\/p>\n","protected":false},"excerpt":{"rendered":"<p>Mentions l\u00e9gales Contact AdresseBurckhardt Architektur AGDornacherstrasse 2104002 B\u00e2leSuissebasel@burckhardt.swiss Inscription au registre du commerceNom de la soci\u00e9t\u00e9 inscrite : Burckhardt Architektur AGNum\u00e9ro : CHE-105.931.107Office du registre du commerce : B\u00e2le-VilleNum\u00e9ro TVA : CHE-226.093.441 MWST Clause de non-responsabilit\u00e9L\u2019auteur ne garantit aucunement l\u2019exactitude, la pr\u00e9cision, l\u2019actualit\u00e9, la fiabilit\u00e9 et la compl\u00e9tude des informations fournies. L\u2019auteur ne saurait \u00eatre &hellip;<\/p>\n","protected":false},"author":1,"featured_media":0,"parent":0,"menu_order":0,"comment_status":"closed","ping_status":"closed","template":"","meta":{"_acf_changed":false,"footnotes":""},"class_list":["post-13399","page","type-page","status-publish","hentry"],"acf":[],"_links":{"self":[{"href":"https:\/\/burckhardt.swiss\/fr\/wp-json\/wp\/v2\/pages\/13399","targetHints":{"allow":["GET"]}}],"collection":[{"href":"https:\/\/burckhardt.swiss\/fr\/wp-json\/wp\/v2\/pages"}],"about":[{"href":"https:\/\/burckhardt.swiss\/fr\/wp-json\/wp\/v2\/types\/page"}],"author":[{"embeddable":true,"href":"https:\/\/burckhardt.swiss\/fr\/wp-json\/wp\/v2\/users\/1"}],"replies":[{"embeddable":true,"href":"https:\/\/burckhardt.swiss\/fr\/wp-json\/wp\/v2\/comments?post=13399"}],"version-history":[{"count":1,"href":"https:\/\/burckhardt.swiss\/fr\/wp-json\/wp\/v2\/pages\/13399\/revisions"}],"predecessor-version":[{"id":13400,"href":"https:\/\/burckhardt.swiss\/fr\/wp-json\/wp\/v2\/pages\/13399\/revisions\/13400"}],"wp:attachment":[{"href":"https:\/\/burckhardt.swiss\/fr\/wp-json\/wp\/v2\/media?parent=13399"}],"curies":[{"name":"wp","href":"https:\/\/api.w.org\/{rel}","templated":true}]}}