{"id":11735,"date":"2022-10-11T15:04:20","date_gmt":"2022-10-11T13:04:20","guid":{"rendered":"https:\/\/burckhardt.swiss\/nos-projets\/"},"modified":"2025-03-10T19:31:55","modified_gmt":"2025-03-10T18:31:55","slug":"nos-projets","status":"publish","type":"page","link":"https:\/\/burckhardt.swiss\/fr\/nos-projets\/","title":{"rendered":"Nos projets"},"content":{"rendered":"\n<div class=\"wp-block-group alignfull has-secondary-background-color has-background is-layout-constrained wp-container-core-group-is-layout-1 wp-block-group-is-layout-constrained\">\n<p class=\"has-big-font-size\">Notre architecture rassemble les gens: nous construisons pour et avec eux. De m\u00eame que chaque individu, chaque b\u00e2timent est unique. Vous trouverez ici une s\u00e9lection de projets r\u00e9alis\u00e9s au fil des quelque 70 ans d\u2019histoire de notre entreprise qui m\u00e9ritent que vous vous y int\u00e9ressiez de plus pr\u00e8s.   <\/p>\n<\/div>\n\n\n\n<div class=\"wp-block-group is-layout-constrained wp-block-group-is-layout-constrained\">\n<p><\/p>\n\n\n\n<div class=\"wp-block-group is-layout-constrained wp-block-group-is-layout-constrained\">\n<p class=\"has-text-align-center has-base-font-size\">\u2192 <a href=\"#Projektliste\">vers la liste des projets<\/a><\/p>\n<\/div>\n<\/div>\n\n\n\n<div class=\"wp-block-group is-layout-constrained wp-block-group-is-layout-constrained\"><div\n  id=\"block_2cb39967cc414a7ed5485d99780649e7\"\n  data-block_2cb39967cc414a7ed5485d99780649e7\n  class=\"project-list align\"\n>\n  <record-explorer\n    endpoint='projects'\n    gutter='base'\n    fields='title,acf,link,type,id,_links,_embedded'\n    :filters=\"['project_category','location','project_status']\"\n    :params='{\"with_details\":1}'\n    :labels='{\"name\":\"projets\",\"singular_name\":\"Project\",\"add_new\":\"Add New\",\"add_new_item\":\"Add New Project\",\"edit_item\":\"Edit Project\",\"new_item\":\"New Project\",\"view_item\":\"View Project\",\"view_items\":\"View Projects\",\"search_items\":\"Search Projects\",\"not_found\":\"No projects found.\",\"not_found_in_trash\":\"No projects found in trash.\",\"parent_item_colon\":\"Parent Project:\",\"all_items\":\"All Projects\",\"archives\":\"Project Archives\",\"attributes\":\"Project Attributes\",\"insert_into_item\":\"Insert into project\",\"uploaded_to_this_item\":\"Uploaded to this project\",\"featured_image\":\"Featured image\",\"set_featured_image\":\"Set featured image\",\"remove_featured_image\":\"Remove featured image\",\"use_featured_image\":\"Use as featured image\",\"filter_items_list\":\"Filter projects list\",\"filter_by_date\":\"Filter by date\",\"items_list_navigation\":\"Projects list navigation\",\"items_list\":\"Projects list\",\"item_published\":\"Project published.\",\"item_published_privately\":\"Project published privately.\",\"item_reverted_to_draft\":\"Project reverted to draft.\",\"item_trashed\":\"Post trashed.\",\"item_scheduled\":\"Project scheduled.\",\"item_updated\":\"Project updated.\",\"item_link\":\"Post Link\",\"item_link_description\":\"A link to a post.\",\"menu_name\":\"projets\",\"name_admin_bar\":\"Project\",\"template_name\":\"Single item: Project\"}'\n    :scroll-loading='false'\n    :show-filters='true'\n    :has-pages='true'\n    :limit=\"10\"\n  >\n    <template #record=\"props\">\n      <project :project=\"props.record\"><\/project>\n    <\/template>\n  <\/record-explorer>\n<\/div>\n\n<\/div>\n\n\n\n<div class=\"wp-block-group is-layout-constrained wp-block-group-is-layout-constrained\">\n<p><\/p>\n\n\n\n<div id=\"Projektliste\" class=\"wp-block-group is-layout-constrained wp-block-group-is-layout-constrained\">\n<h2 class=\"wp-block-heading has-text-align-center\">Liste des projets<\/h2>\n\n\n<div\n  id=\"block_71fe65efbf75cb950865265ff7a3bf44\"\n  data-block_71fe65efbf75cb950865265ff7a3bf44\n  class=\"project-table align\"\n>\n  <record-explorer\n    endpoint='projects'\n    additional-class=\"table\"\n    fields='title,acf,link,type,id,_links,_embedded'\n    :filters='[\"project_category\",\"location\",\"project_status\"]'\n    :labels='{\"name\":\"projets\",\"singular_name\":\"Project\",\"add_new\":\"Add New\",\"add_new_item\":\"Add New Project\",\"edit_item\":\"Edit Project\",\"new_item\":\"New Project\",\"view_item\":\"View Project\",\"view_items\":\"View Projects\",\"search_items\":\"Search Projects\",\"not_found\":\"No projects found.\",\"not_found_in_trash\":\"No projects found in trash.\",\"parent_item_colon\":\"Parent Project:\",\"all_items\":\"All Projects\",\"archives\":\"Project Archives\",\"attributes\":\"Project Attributes\",\"insert_into_item\":\"Insert into project\",\"uploaded_to_this_item\":\"Uploaded to this project\",\"featured_image\":\"Featured image\",\"set_featured_image\":\"Set featured image\",\"remove_featured_image\":\"Remove featured image\",\"use_featured_image\":\"Use as featured image\",\"filter_items_list\":\"Filter projects list\",\"filter_by_date\":\"Filter by date\",\"items_list_navigation\":\"Projects list navigation\",\"items_list\":\"Projects list\",\"item_published\":\"Project published.\",\"item_published_privately\":\"Project published privately.\",\"item_reverted_to_draft\":\"Project reverted to draft.\",\"item_trashed\":\"Post trashed.\",\"item_scheduled\":\"Project scheduled.\",\"item_updated\":\"Project updated.\",\"item_link\":\"Post Link\",\"item_link_description\":\"A link to a post.\",\"menu_name\":\"projets\",\"name_admin_bar\":\"Project\",\"template_name\":\"Single item: Project\"}'\n    :scroll-loading='false'\n    :show-filters='true'\n    :has-pages='true'\n    :limit=\"10\"\n  >\n    <template #records=\"props\">\n      <record-table :records=\"props.records\" :columns='{\"project\":{\"name\":\"projets\",\"singular_name\":\"Project\",\"add_new\":\"Add New\",\"add_new_item\":\"Add New Project\",\"edit_item\":\"Edit Project\",\"new_item\":\"New Project\",\"view_item\":\"View Project\",\"view_items\":\"View Projects\",\"search_items\":\"Search Projects\",\"not_found\":\"No projects found.\",\"not_found_in_trash\":\"No projects found in trash.\",\"parent_item_colon\":\"Parent Project:\",\"all_items\":\"All Projects\",\"archives\":\"Project Archives\",\"attributes\":\"Project Attributes\",\"insert_into_item\":\"Insert into project\",\"uploaded_to_this_item\":\"Uploaded to this project\",\"featured_image\":\"Featured image\",\"set_featured_image\":\"Set featured image\",\"remove_featured_image\":\"Remove featured image\",\"use_featured_image\":\"Use as featured image\",\"filter_items_list\":\"Filter projects list\",\"filter_by_date\":\"Filter by date\",\"items_list_navigation\":\"Projects list navigation\",\"items_list\":\"Projects list\",\"item_published\":\"Project published.\",\"item_published_privately\":\"Project published privately.\",\"item_reverted_to_draft\":\"Project reverted to draft.\",\"item_trashed\":\"Post trashed.\",\"item_scheduled\":\"Project scheduled.\",\"item_updated\":\"Project updated.\",\"item_link\":\"Post Link\",\"item_link_description\":\"A link to a post.\",\"menu_name\":\"projets\",\"name_admin_bar\":\"Project\",\"template_name\":\"Single item: Project\"},\"project_category\":{\"name\":\"Typologies\",\"singular_name\":\"Typologie\",\"search_items\":\"Search Typologies\",\"popular_items\":\"Popular Typologies\",\"all_items\":\"All Typologies\",\"parent_item\":\"Parent Typology\",\"parent_item_colon\":\"Parent Typology:\",\"name_field_description\":\"The name is how it appears on your site.\",\"slug_field_description\":\"The \\u0026#8220;slug\\u0026#8221; is the URL-friendly version of the name. It is usually all lowercase and contains only letters, numbers, and hyphens.\",\"parent_field_description\":\"Assign a parent term to create a hierarchy. The term Jazz, for example, would be the parent of Bebop and Big Band.\",\"desc_field_description\":\"The description is not prominent by default; however, some themes may show it.\",\"edit_item\":\"Edit Typology\",\"view_item\":\"View Typology\",\"update_item\":\"Update Typology\",\"add_new_item\":\"Add New Typology\",\"new_item_name\":\"New Typology Name\",\"separate_items_with_commas\":\"Separate typologies with commas\",\"add_or_remove_items\":\"Add or remove typologies\",\"choose_from_most_used\":\"Choose from most used typologies\",\"not_found\":\"No typologies found\",\"no_terms\":\"No typologies\",\"filter_by_item\":\"Filter by category\",\"items_list_navigation\":\"Typologies list navigation\",\"items_list\":\"Typologies list\",\"most_used\":\"Most Used\",\"back_to_items\":\"\\u0026larr; Back to Typologies\",\"item_link\":\"Category Link\",\"item_link_description\":\"A link to a category.\",\"menu_name\":\"Typologies\",\"name_admin_bar\":\"Typologie\",\"archives\":\"All Typologies\",\"template_name\":\"Typologie Archives\"},\"location\":{\"name\":\"Offices\",\"singular_name\":\"Office\",\"search_items\":\"Search Offices\",\"popular_items\":\"Popular Offices\",\"all_items\":\"All Offices\",\"parent_item\":\"Parent Office\",\"parent_item_colon\":\"Parent Office:\",\"name_field_description\":\"The name is how it appears on your site.\",\"slug_field_description\":\"The \\u0026#8220;slug\\u0026#8221; is the URL-friendly version of the name. It is usually all lowercase and contains only letters, numbers, and hyphens.\",\"parent_field_description\":\"Assign a parent term to create a hierarchy. The term Jazz, for example, would be the parent of Bebop and Big Band.\",\"desc_field_description\":\"The description is not prominent by default; however, some themes may show it.\",\"edit_item\":\"Edit Office\",\"view_item\":\"View Office\",\"update_item\":\"Update Office\",\"add_new_item\":\"Add New Office\",\"new_item_name\":\"New Office Name\",\"separate_items_with_commas\":\"Separate offices with commas\",\"add_or_remove_items\":\"Add or remove offices\",\"choose_from_most_used\":\"Choose from most used offices\",\"not_found\":\"No offices found\",\"no_terms\":\"No offices\",\"filter_by_item\":\"Filter by category\",\"items_list_navigation\":\"Offices list navigation\",\"items_list\":\"Offices list\",\"most_used\":\"Most Used\",\"back_to_items\":\"\\u0026larr; Back to Offices\",\"item_link\":\"Category Link\",\"item_link_description\":\"A link to a category.\",\"menu_name\":\"Offices\",\"name_admin_bar\":\"Office\",\"archives\":\"All Offices\",\"template_name\":\"Office Archives\"},\"project_status\":{\"name\":\"Status\",\"singular_name\":\"Status\",\"search_items\":\"Search Status\",\"popular_items\":\"Popular Status\",\"all_items\":\"All Status\",\"parent_item\":\"Parent Status\",\"parent_item_colon\":\"Parent Status:\",\"name_field_description\":\"The name is how it appears on your site.\",\"slug_field_description\":\"The \\u0026#8220;slug\\u0026#8221; is the URL-friendly version of the name. It is usually all lowercase and contains only letters, numbers, and hyphens.\",\"parent_field_description\":\"Assign a parent term to create a hierarchy. The term Jazz, for example, would be the parent of Bebop and Big Band.\",\"desc_field_description\":\"The description is not prominent by default; however, some themes may show it.\",\"edit_item\":\"Edit Status\",\"view_item\":\"View Status\",\"update_item\":\"Update Status\",\"add_new_item\":\"Add New Status\",\"new_item_name\":\"New Status Name\",\"separate_items_with_commas\":\"Separate status with commas\",\"add_or_remove_items\":\"Add or remove status\",\"choose_from_most_used\":\"Choose from most used status\",\"not_found\":\"No status found\",\"no_terms\":\"No status\",\"filter_by_item\":\"Filter by category\",\"items_list_navigation\":\"Status list navigation\",\"items_list\":\"Status list\",\"most_used\":\"Most Used\",\"back_to_items\":\"\\u0026larr; Back to Status\",\"item_link\":\"Category Link\",\"item_link_description\":\"A link to a category.\",\"menu_name\":\"Status\",\"name_admin_bar\":\"Status\",\"archives\":\"All Status\",\"template_name\":\"Status Archives\"}}'>\n        <template #row=\"props\">\n          <project-row :project=\"props.record\"><\/project-row>\n        <\/template>\n      <\/record-table>\n    <\/template>\n  <\/record-explorer>\n<\/div>\n\n<\/div>\n<\/div>\n\n\n\n<div class=\"wp-block-group alignfull has-secondary-background-color has-background is-layout-flow wp-block-group-is-layout-flow\">\n<h2 class=\"wp-block-heading has-text-align-center\">Notre fa\u00e7on de travailler<\/h2>\n\n\n<div\n  id=\"block_58fc8169b3e5887c79537cfb669ff977\"\n  data-block_58fc8169b3e5887c79537cfb669ff977\n  class=\"c-block-teaser teaser align\"\n>\n  <div>\n    <img decoding=\"async\"\n      alt=\"Freunde-von-Freunden-MINI-ADO-GW_GetInvolved_201704_03_062 1\"\n      src=\"https:\/\/burckhardt.swiss\/app\/uploads\/2023\/01\/Freunde-von-Freunden-MINI-ADO-GW_GetInvolved_201704_03_062-1-1024x796.png\"\n      srcset=\"https:\/\/burckhardt.swiss\/app\/uploads\/2023\/01\/Freunde-von-Freunden-MINI-ADO-GW_GetInvolved_201704_03_062-1-300x233.png 300w, https:\/\/burckhardt.swiss\/app\/uploads\/2023\/01\/Freunde-von-Freunden-MINI-ADO-GW_GetInvolved_201704_03_062-1-1024x796.png 1024w, https:\/\/burckhardt.swiss\/app\/uploads\/2023\/01\/Freunde-von-Freunden-MINI-ADO-GW_GetInvolved_201704_03_062-1-600x466.png 600w, https:\/\/burckhardt.swiss\/app\/uploads\/2023\/01\/Freunde-von-Freunden-MINI-ADO-GW_GetInvolved_201704_03_062-1-500x389.png 500w, https:\/\/burckhardt.swiss\/app\/uploads\/2023\/01\/Freunde-von-Freunden-MINI-ADO-GW_GetInvolved_201704_03_062-1-1000x777.png 1000w, https:\/\/burckhardt.swiss\/app\/uploads\/2023\/01\/Freunde-von-Freunden-MINI-ADO-GW_GetInvolved_201704_03_062-1-700x544.png 700w, https:\/\/burckhardt.swiss\/app\/uploads\/2023\/01\/Freunde-von-Freunden-MINI-ADO-GW_GetInvolved_201704_03_062-1.png 1364w\"\n      class=\"c-block-teaser__image\"\n      loading=\"lazy\"\n    \/>\n    <div class=\"c-block-teaser__content\">\n      <h3 class=\"u-font-size-large\">Voil\u00e0 comment nous construisons l\u2019avenir <\/h3>\n      <p>L\u2019humain est au centre: nous construisons pour et avec lui. Pour nos projets, nous choisissons des m\u00e9thodes \u00e9prouv\u00e9es et durables. Nous adoptons une r\u00e9flexion cr\u00e9ative et agissons dans le respect mutuel, \u00e0 la fois au sein de l\u2019\u00e9quipe et vis-\u00e0-vis de notre client\u00e8le.   <\/p>\n      <a href=\"https:\/\/burckhardt.swiss\/wie-wir-arbeiten\/\" role=\"button\">\n        Notre fa\u00e7on de travailler\n      <\/a>\n    <\/div>\n  <\/div>\n<\/div>\n<\/div>\n","protected":false},"excerpt":{"rendered":"<p>Notre architecture rassemble les gens: nous construisons pour et avec eux. De m\u00eame que chaque individu, chaque b\u00e2timent est unique. Vous trouverez ici une s\u00e9lection de projets r\u00e9alis\u00e9s au fil des quelque 70 ans d\u2019histoire de notre entreprise qui m\u00e9ritent que vous vous y int\u00e9ressiez de plus pr\u00e8s. \u2192 vers la liste des projets Liste &hellip;<\/p>\n","protected":false},"author":1,"featured_media":0,"parent":0,"menu_order":2,"comment_status":"closed","ping_status":"closed","template":"","meta":{"_acf_changed":false,"footnotes":""},"class_list":["post-11735","page","type-page","status-publish","hentry"],"acf":[],"_links":{"self":[{"href":"https:\/\/burckhardt.swiss\/fr\/wp-json\/wp\/v2\/pages\/11735","targetHints":{"allow":["GET"]}}],"collection":[{"href":"https:\/\/burckhardt.swiss\/fr\/wp-json\/wp\/v2\/pages"}],"about":[{"href":"https:\/\/burckhardt.swiss\/fr\/wp-json\/wp\/v2\/types\/page"}],"author":[{"embeddable":true,"href":"https:\/\/burckhardt.swiss\/fr\/wp-json\/wp\/v2\/users\/1"}],"replies":[{"embeddable":true,"href":"https:\/\/burckhardt.swiss\/fr\/wp-json\/wp\/v2\/comments?post=11735"}],"version-history":[{"count":5,"href":"https:\/\/burckhardt.swiss\/fr\/wp-json\/wp\/v2\/pages\/11735\/revisions"}],"predecessor-version":[{"id":32675,"href":"https:\/\/burckhardt.swiss\/fr\/wp-json\/wp\/v2\/pages\/11735\/revisions\/32675"}],"wp:attachment":[{"href":"https:\/\/burckhardt.swiss\/fr\/wp-json\/wp\/v2\/media?parent=11735"}],"curies":[{"name":"wp","href":"https:\/\/api.w.org\/{rel}","templated":true}]}}