{"id":11478,"date":"2022-10-11T09:53:58","date_gmt":"2022-10-11T07:53:58","guid":{"rendered":"https:\/\/burckhardt.swiss\/page-daccueil\/"},"modified":"2026-04-23T17:14:22","modified_gmt":"2026-04-23T15:14:22","slug":"page-daccueil","status":"publish","type":"page","link":"https:\/\/burckhardt.swiss\/fr\/","title":{"rendered":"Page d&#8217;accueil"},"content":{"rendered":"\n<div class=\"wp-block-group alignfull has-secondary-background-color has-background is-layout-constrained wp-container-core-group-is-layout-1 wp-block-group-is-layout-constrained\">\n<figure class=\"wp-block-video\"><video autoplay loop muted preload=\"auto\" src=\"https:\/\/burckhardt.swiss\/app\/uploads\/2026\/02\/Musikschule_Reinach_quer_kleiner.mp4\" playsinline><\/video><\/figure>\n\n\n\n<div class=\"wp-block-buttons is-content-justification-right is-layout-flex wp-container-core-buttons-is-layout-1 wp-block-buttons-is-layout-flex\">\n<div class=\"wp-block-button is-style-without-background\"><a class=\"wp-block-button__link wp-element-button\" href=\"https:\/\/burckhardt.swiss\/project\/\/\">\u00c9cole de musique de Reinach<\/a><\/div>\n<\/div>\n<\/div>\n\n\n\n<div class=\"wp-block-group is-layout-constrained wp-container-core-group-is-layout-2 wp-block-group-is-layout-constrained\">\n<p class=\"has-text-align-left has-huge-font-size\"><strong>Chez Burckhardt, nous construisons selon<br>une approche globale et diversifi\u00e9e.<\/strong><\/p>\n\n\n\n<p>L\u2019architecture est notre c\u0153ur de m\u00e9tier et notre passion. Avec les meilleurs de notre profession, nous fournissons tous les services, de l&#8217;analyse \u00e0 la livraison. En mati\u00e8re de conception, de planification et d&#8217;ex\u00e9cution, nos plus de 450 collaborateurs op\u00e8rent depuis huit sites dans le monde entier et \u00e0 l&#8217;international.<\/p>\n\n\n\n<div class=\"wp-block-buttons is-content-justification-left is-layout-flex wp-container-core-buttons-is-layout-2 wp-block-buttons-is-layout-flex\">\n<div class=\"wp-block-button has-custom-font-size is-style-without-background has-small-font-size\"><a class=\"wp-block-button__link wp-element-button\" href=\"https:\/\/burckhardt.swiss\/fr\/qui-nous-sommes\/\" target=\"_blank\" rel=\"noreferrer noopener\">  nous de Burckhardt<\/a><\/div>\n<\/div>\n<\/div>\n\n\n\n<div class=\"wp-block-group alignfull has-secondary-background-color has-background is-layout-constrained wp-block-group-is-layout-constrained\">\n<h2 class=\"wp-block-heading has-text-align-center\">Nos projets<\/h2>\n\n\n<div\n  id=\"block_d8024394f1b2097d031f64c1df912ba1\"\n  data-block_d8024394f1b2097d031f64c1df912ba1\n  class=\"c-block-project-teaser project-teaser align\"\n>\n      <record-explorer\n      endpoint='projects'\n      fields='title,acf,link,type,id,_links,_embedded'\n      gutter='base'\n      :labels='{&quot;name&quot;:&quot;projets&quot;,&quot;singular_name&quot;:&quot;Project&quot;,&quot;add_new&quot;:&quot;Add New&quot;,&quot;add_new_item&quot;:&quot;Add New Project&quot;,&quot;edit_item&quot;:&quot;Edit Project&quot;,&quot;new_item&quot;:&quot;New Project&quot;,&quot;view_item&quot;:&quot;View Project&quot;,&quot;view_items&quot;:&quot;View Projects&quot;,&quot;search_items&quot;:&quot;Search Projects&quot;,&quot;not_found&quot;:&quot;No projects found.&quot;,&quot;not_found_in_trash&quot;:&quot;No projects found in trash.&quot;,&quot;parent_item_colon&quot;:&quot;Parent Project:&quot;,&quot;all_items&quot;:&quot;All Projects&quot;,&quot;archives&quot;:&quot;Project Archives&quot;,&quot;attributes&quot;:&quot;Project Attributes&quot;,&quot;insert_into_item&quot;:&quot;Insert into project&quot;,&quot;uploaded_to_this_item&quot;:&quot;Uploaded to this project&quot;,&quot;featured_image&quot;:&quot;Featured image&quot;,&quot;set_featured_image&quot;:&quot;Set featured image&quot;,&quot;remove_featured_image&quot;:&quot;Remove featured image&quot;,&quot;use_featured_image&quot;:&quot;Use as featured image&quot;,&quot;filter_items_list&quot;:&quot;Filter projects list&quot;,&quot;filter_by_date&quot;:&quot;Filter by date&quot;,&quot;items_list_navigation&quot;:&quot;Projects list navigation&quot;,&quot;items_list&quot;:&quot;Projects list&quot;,&quot;item_published&quot;:&quot;Project published.&quot;,&quot;item_published_privately&quot;:&quot;Project published privately.&quot;,&quot;item_reverted_to_draft&quot;:&quot;Project reverted to draft.&quot;,&quot;item_trashed&quot;:&quot;Post trashed.&quot;,&quot;item_scheduled&quot;:&quot;Project scheduled.&quot;,&quot;item_updated&quot;:&quot;Project updated.&quot;,&quot;item_link&quot;:&quot;Post Link&quot;,&quot;item_link_description&quot;:&quot;A link to a post.&quot;,&quot;menu_name&quot;:&quot;projets&quot;,&quot;name_admin_bar&quot;:&quot;Project&quot;,&quot;template_name&quot;:&quot;Single item: Project&quot;}'\n      :include='[33920,32344,1543,32589,83,33973,34382]'\n      :show-filters='false'\n    >\n      <template #record=\"props\">\n        <project :project=\"props.record\"><\/project>\n      <\/template>\n    <\/record-explorer>\n  <\/div>\n\n\n\n\n<div class=\"wp-block-buttons is-content-justification-center is-layout-flex wp-container-core-buttons-is-layout-3 wp-block-buttons-is-layout-flex\">\n<div class=\"wp-block-button\"><a class=\"wp-block-button__link wp-element-button\" href=\"https:\/\/burckhardt.swiss\/fr\/nos-projets\/\">Nos projets<\/a><\/div>\n<\/div>\n<\/div>\n\n\n\n<div class=\"wp-block-group is-layout-flow wp-block-group-is-layout-flow\">\n<h2 class=\"wp-block-heading has-text-align-center\" style=\"font-weight:400\">Groupe d\u2019entreprises<\/h2>\n\n\n\n<div class=\"wp-block-columns is-layout-flex wp-container-core-columns-is-layout-1 wp-block-columns-is-layout-flex\">\n<div class=\"wp-block-column is-layout-flow wp-block-column-is-layout-flow\">\n<h2 class=\"wp-block-heading is-style-default has-big-font-size\">Burckhardt<br>D\u00e9veloppements<\/h2>\n\n\n\n<p class=\"has-base-font-size\">Chez Burckhardt D\u00e9veloppements, nous suivons une approche globale et pluridisciplinaire. Nos sp\u00e9cialistes sont des architectes et des responsables de projet chevronn\u00e9s dans la conception et tr\u00e8s au fait des questions \u00e9conomiques. Notre pr\u00e9cieuse connaissance de l\u2019ensemble de la cha\u00eene de cr\u00e9ation de valeur immobili\u00e8re nous permet de proposer des solutions personnalis\u00e9es \u00e0 notre client\u00e8le. <\/p>\n\n\n\n<div class=\"wp-block-buttons is-layout-flex wp-block-buttons-is-layout-flex\">\n<div class=\"wp-block-button has-custom-font-size is-style-without-background has-small-font-size\"><a class=\"wp-block-button__link wp-element-button\" href=\"https:\/\/entwicklungen.burckhardt.swiss\">en savoir plus<\/a><\/div>\n<\/div>\n<\/div>\n\n\n\n<div class=\"wp-block-column is-layout-flow wp-block-column-is-layout-flow\">\n<h3 class=\"wp-block-heading is-style-default has-big-font-size\">Burckhardt<br>Architecture<\/h3>\n\n\n\n<p class=\"has-base-font-size\">L&#8217;architecture est notre c\u0153ur de m\u00e9tier et notre passion. Avec les meilleurs de notre profession, nous fournissons tous les services, de l&#8217;analyse \u00e0 la livraison. Nous travaillons \u00e0 l&#8217;\u00e9chelle internationale, tant pour la conception que pour la planification et l&#8217;ex\u00e9cution.  <\/p>\n\n\n\n<div class=\"wp-block-buttons is-layout-flex wp-block-buttons-is-layout-flex\">\n<div class=\"wp-block-button has-custom-font-size is-style-without-background has-small-font-size\"><a class=\"wp-block-button__link wp-element-button\" href=\"https:\/\/burckhardt.swiss\/fr\/nos-projets\/\">en savoir plus<\/a><\/div>\n<\/div>\n<\/div>\n\n\n\n<div class=\"wp-block-column is-layout-flow wp-block-column-is-layout-flow\">\n<h3 class=\"wp-block-heading is-style-default has-big-font-size\">Burckhardt <br>Immobilier<\/h3>\n\n\n\n<p class=\"has-base-font-size\">Fond\u00e9e en 1989 \u00e0 B\u00e2le, Burckhardt Immobilien est devenue au fil des ans un partenaire privil\u00e9gi\u00e9 et fiable de renom dans le domaine de l\u2019immobilier r\u00e9sidentiel \u00e0 B\u00e2le et B\u00e2le-Campagne, et s\u2019est \u00e9tablie avec succ\u00e8s sur le march\u00e9.<\/p>\n\n\n\n<div class=\"wp-block-buttons is-layout-flex wp-block-buttons-is-layout-flex\">\n<div class=\"wp-block-button has-custom-font-size is-style-without-background has-small-font-size\"><a class=\"wp-block-button__link wp-element-button\" href=\"https:\/\/immobilien.burckhardt.swiss\">en savoir plus<\/a><\/div>\n<\/div>\n<\/div>\n<\/div>\n\n\n\n<div style=\"height:40px\" aria-hidden=\"true\" class=\"wp-block-spacer\"><\/div>\n<\/div>\n\n\n\n<div class=\"wp-block-group alignfull has-black-color has-secondary-background-color has-text-color has-background is-layout-constrained wp-block-group-is-layout-constrained\"><div\n  id=\"block_aca9c659ad3f5529d28d59babd196e72\"\n  data-block_aca9c659ad3f5529d28d59babd196e72\n  class=\"o-flex o-flex--wrap c-block-contacts contacts align\"\n>\n            <div class=\"o-flex__item u-1\/2@tablet c-block-contacts__text\">\n        <div>\n          <h3>Contactez nous!<\/h3>\n          <a\n            role=\"button\"\n            href=\"mailto:lilo.koehlmoos@burckhardt.swiss\"\n          >\n            Prenez contact\n          <\/a>\n        <\/div>\n      <\/div>\n    \n    <div class=\"o-flex__item u-1\/2@tablet\">\n      <record-explorer\n        endpoint='employees'\n        fields='title,acf,link,type,id,_links,_embedded'\n        :include='[959]'\n        :labels='{\"name\":\"collaboratrices et collaborateurs\",\"singular_name\":\"Employee\",\"add_new\":\"Add New\",\"add_new_item\":\"Add New Employee\",\"edit_item\":\"Edit Employee\",\"new_item\":\"New Employee\",\"view_item\":\"View Employee\",\"view_items\":\"View Employees\",\"search_items\":\"Search Employees\",\"not_found\":\"No employees found.\",\"not_found_in_trash\":\"No employees found in trash.\",\"parent_item_colon\":\"Parent Employee:\",\"all_items\":\"All Employees\",\"archives\":\"Employee Archives\",\"attributes\":\"Employee Attributes\",\"insert_into_item\":\"Insert into employee\",\"uploaded_to_this_item\":\"Uploaded to this employee\",\"featured_image\":\"Featured image\",\"set_featured_image\":\"Set featured image\",\"remove_featured_image\":\"Remove featured image\",\"use_featured_image\":\"Use as featured image\",\"filter_items_list\":\"Filter employees list\",\"filter_by_date\":\"Filter by date\",\"items_list_navigation\":\"Employees list navigation\",\"items_list\":\"Employees list\",\"item_published\":\"Employee published.\",\"item_published_privately\":\"Employee published privately.\",\"item_reverted_to_draft\":\"Employee reverted to draft.\",\"item_trashed\":\"Post trashed.\",\"item_scheduled\":\"Employee scheduled.\",\"item_updated\":\"Employee updated.\",\"item_link\":\"Post Link\",\"item_link_description\":\"A link to a post.\",\"menu_name\":\"collaboratrices et collaborateurs\",\"name_admin_bar\":\"Employee\",\"template_name\":\"Single item: Employee\"}'\n        :show-filters='false'\n      >\n        <template #record=\"props\">\n          <employee\n            alignment='horizontal'\n            :employee='props.record'\n            class=\"u-1\/1\"\n            :show-phone=\"true\"\n            :show-email=\"false\"\n          ><\/employee>\n        <\/template>\n      <\/record-explorer>\n    <\/div>\n  <\/div>\n\n<\/div>\n\n\n\n<div class=\"wp-block-group alignfull has-black-color has-text-color is-layout-constrained wp-block-group-is-layout-constrained\">\n<h2 class=\"wp-block-heading has-text-align-center\">Contact D\u00e9veloppements et immobilier<\/h2>\n\n\n<div\n  id=\"block_1b0c10a5cdb62c834b4873eb632f5da3\"\n  data-block_1b0c10a5cdb62c834b4873eb632f5da3\n  class=\"o-flex o-flex--wrap c-block-contacts contacts align\"\n>\n      \n    <div class=\"o-flex__item u-1\/1\">\n      <record-explorer\n        endpoint='employees'\n        fields='title,acf,link,type,id,_links,_embedded'\n        :include='[1053,30723]'\n        :labels='{\"name\":\"collaboratrices et collaborateurs\",\"singular_name\":\"Employee\",\"add_new\":\"Add New\",\"add_new_item\":\"Add New Employee\",\"edit_item\":\"Edit Employee\",\"new_item\":\"New Employee\",\"view_item\":\"View Employee\",\"view_items\":\"View Employees\",\"search_items\":\"Search Employees\",\"not_found\":\"No employees found.\",\"not_found_in_trash\":\"No employees found in trash.\",\"parent_item_colon\":\"Parent Employee:\",\"all_items\":\"All Employees\",\"archives\":\"Employee Archives\",\"attributes\":\"Employee Attributes\",\"insert_into_item\":\"Insert into employee\",\"uploaded_to_this_item\":\"Uploaded to this employee\",\"featured_image\":\"Featured image\",\"set_featured_image\":\"Set featured image\",\"remove_featured_image\":\"Remove featured image\",\"use_featured_image\":\"Use as featured image\",\"filter_items_list\":\"Filter employees list\",\"filter_by_date\":\"Filter by date\",\"items_list_navigation\":\"Employees list navigation\",\"items_list\":\"Employees list\",\"item_published\":\"Employee published.\",\"item_published_privately\":\"Employee published privately.\",\"item_reverted_to_draft\":\"Employee reverted to draft.\",\"item_trashed\":\"Post trashed.\",\"item_scheduled\":\"Employee scheduled.\",\"item_updated\":\"Employee updated.\",\"item_link\":\"Post Link\",\"item_link_description\":\"A link to a post.\",\"menu_name\":\"collaboratrices et collaborateurs\",\"name_admin_bar\":\"Employee\",\"template_name\":\"Single item: Employee\"}'\n        :show-filters='false'\n      >\n        <template #record=\"props\">\n          <employee\n            alignment='horizontal'\n            :employee='props.record'\n            class=\"u-1\/2@mobile\"\n            :show-phone=\"false\"\n            :show-email=\"true\"\n          ><\/employee>\n        <\/template>\n      <\/record-explorer>\n    <\/div>\n  <\/div>\n\n<\/div>\n\n\n\n<p><\/p>\n","protected":false},"excerpt":{"rendered":"<p>Chez Burckhardt, nous construisons selonune approche globale et diversifi\u00e9e. L\u2019architecture est notre c\u0153ur de m\u00e9tier et notre passion. Avec les meilleurs de notre profession, nous fournissons tous les services, de l&#8217;analyse \u00e0 la livraison. En mati\u00e8re de conception, de planification et d&#8217;ex\u00e9cution, nos plus de 450 collaborateurs op\u00e8rent depuis huit sites dans le monde entier &hellip;<\/p>\n","protected":false},"author":1,"featured_media":0,"parent":0,"menu_order":1,"comment_status":"closed","ping_status":"closed","template":"","meta":{"_acf_changed":false,"footnotes":""},"class_list":["post-11478","page","type-page","status-publish","hentry"],"acf":[],"_links":{"self":[{"href":"https:\/\/burckhardt.swiss\/fr\/wp-json\/wp\/v2\/pages\/11478","targetHints":{"allow":["GET"]}}],"collection":[{"href":"https:\/\/burckhardt.swiss\/fr\/wp-json\/wp\/v2\/pages"}],"about":[{"href":"https:\/\/burckhardt.swiss\/fr\/wp-json\/wp\/v2\/types\/page"}],"author":[{"embeddable":true,"href":"https:\/\/burckhardt.swiss\/fr\/wp-json\/wp\/v2\/users\/1"}],"replies":[{"embeddable":true,"href":"https:\/\/burckhardt.swiss\/fr\/wp-json\/wp\/v2\/comments?post=11478"}],"version-history":[{"count":71,"href":"https:\/\/burckhardt.swiss\/fr\/wp-json\/wp\/v2\/pages\/11478\/revisions"}],"predecessor-version":[{"id":40303,"href":"https:\/\/burckhardt.swiss\/fr\/wp-json\/wp\/v2\/pages\/11478\/revisions\/40303"}],"wp:attachment":[{"href":"https:\/\/burckhardt.swiss\/fr\/wp-json\/wp\/v2\/media?parent=11478"}],"curies":[{"name":"wp","href":"https:\/\/api.w.org\/{rel}","templated":true}]}}