{"id":11474,"date":"2022-11-29T12:44:14","date_gmt":"2022-11-29T11:44:14","guid":{"rendered":"https:\/\/burckhardt.swiss\/notre-facon-de-travailler\/"},"modified":"2025-03-10T18:41:02","modified_gmt":"2025-03-10T17:41:02","slug":"notre-facon-de-travailler","status":"publish","type":"page","link":"https:\/\/burckhardt.swiss\/fr\/notre-facon-de-travailler\/","title":{"rendered":"Notre fa\u00e7on de travailler"},"content":{"rendered":"\n<figure class=\"wp-block-video alignfull\"><video autoplay loop muted src=\"https:\/\/burckhardt.swiss\/app\/uploads\/2023\/02\/230209_Wie_wir_arbeiten-1.mp4\" playsinline><\/video><\/figure>\n\n\n\n<div class=\"wp-block-group is-layout-constrained wp-container-core-group-is-layout-1 wp-block-group-is-layout-constrained\">\n<p class=\"has-big-font-size\">Notre branche est en pleine mutation: nous rel\u00e8verons ce d\u00e9fi, avec une attitude ambitieuse, de nouvelles m\u00e9thodes de travail et des solutions innovantes.<\/p>\n<\/div>\n\n\n\n<div class=\"wp-block-group is-layout-constrained wp-block-group-is-layout-constrained\">\n<div class=\"wp-block-columns are-vertically-aligned-center is-layout-flex wp-container-core-columns-is-layout-1 wp-block-columns-is-layout-flex\">\n<div class=\"wp-block-column is-vertically-aligned-center is-layout-flow wp-block-column-is-layout-flow\">\n<figure class=\"wp-block-image size-large\"><img loading=\"lazy\" decoding=\"async\" width=\"1024\" height=\"683\" src=\"https:\/\/burckhardt.swiss\/app\/uploads\/2023\/01\/Basel_MG_9881-1024x683.jpg\" alt=\"\" class=\"wp-image-1116\" srcset=\"https:\/\/burckhardt.swiss\/app\/uploads\/2023\/01\/Basel_MG_9881-1024x683.jpg 1024w, https:\/\/burckhardt.swiss\/app\/uploads\/2023\/01\/Basel_MG_9881-300x200.jpg 300w\" sizes=\"auto, (max-width: 1024px) 100vw, 1024px\" \/><\/figure>\n<\/div>\n\n\n\n<div class=\"wp-block-column is-vertically-aligned-center is-layout-flow wp-block-column-is-layout-flow\">\n<h2 class=\"wp-block-heading has-big-font-size\">Ensemble, notre intelligence est accrue<\/h2>\n\n\n\n<p class=\"has-big-font-size\">Tous les membres de nos \u00e9quipes sont impliqu\u00e9s dans le travail interdisciplinaire, avec leurs comp\u00e9tences, leur exp\u00e9rience, leurs points forts, leurs m\u00e9thodes et leurs connaissances.<\/p>\n<\/div>\n<\/div>\n\n\n\n<div style=\"height:20px\" aria-hidden=\"true\" class=\"wp-block-spacer\"><\/div>\n<\/div>\n\n\n\n<div class=\"wp-block-group alignfull has-secondary-background-color has-background is-layout-constrained wp-container-core-group-is-layout-4 wp-block-group-is-layout-constrained\">\n<h2 class=\"wp-block-heading has-text-align-center is-style-default has-big-font-size\">R\u00e9alisation de projet int\u00e9gr\u00e9e IPD<\/h2>\n\n\n\n<figure class=\"wp-block-image size-full\"><img loading=\"lazy\" decoding=\"async\" width=\"2500\" height=\"1664\" src=\"https:\/\/burckhardt.swiss\/app\/uploads\/2024\/03\/burckhardt_Team_IPA_Berlin.jpg\" alt=\"\" class=\"wp-image-28975\" srcset=\"https:\/\/burckhardt.swiss\/app\/uploads\/2024\/03\/burckhardt_Team_IPA_Berlin.jpg 2500w, https:\/\/burckhardt.swiss\/app\/uploads\/2024\/03\/burckhardt_Team_IPA_Berlin-300x200.jpg 300w, https:\/\/burckhardt.swiss\/app\/uploads\/2024\/03\/burckhardt_Team_IPA_Berlin-1024x682.jpg 1024w, https:\/\/burckhardt.swiss\/app\/uploads\/2024\/03\/burckhardt_Team_IPA_Berlin-600x399.jpg 600w, https:\/\/burckhardt.swiss\/app\/uploads\/2024\/03\/burckhardt_Team_IPA_Berlin-500x333.jpg 500w, https:\/\/burckhardt.swiss\/app\/uploads\/2024\/03\/burckhardt_Team_IPA_Berlin-1000x666.jpg 1000w, https:\/\/burckhardt.swiss\/app\/uploads\/2024\/03\/burckhardt_Team_IPA_Berlin-700x466.jpg 700w, https:\/\/burckhardt.swiss\/app\/uploads\/2024\/03\/burckhardt_Team_IPA_Berlin-1400x932.jpg 1400w, https:\/\/burckhardt.swiss\/app\/uploads\/2024\/03\/burckhardt_Team_IPA_Berlin-2000x1331.jpg 2000w\" sizes=\"auto, (max-width: 2500px) 100vw, 2500px\" \/><\/figure>\n\n\n\n<div class=\"wp-block-group is-layout-constrained wp-container-core-group-is-layout-3 wp-block-group-is-layout-constrained\">\n<p>Burckhardt est l\u2019un des rares bureaux de l\u2019espace germanophone \u00e0 travailler actuellement sur un projet en utilisant la m\u00e9thode de la r\u00e9alisation de projet int\u00e9gr\u00e9e (IPD). Il s\u2019agit du b\u00e2timent de laboratoire et de recherche GBD 149 destin\u00e9 \u00e0 l\u2019Institut f\u00e9d\u00e9ral allemand pour la recherche et les essais des mat\u00e9riaux (BAM). L\u2019approche collaborative de l\u2019IPD remet fondamentalement en question, \u00e0 de nombreux niveaux, la r\u00e9alisation de projet traditionnelle, afin d\u2019optimiser la qualit\u00e9, les d\u00e9lais et les co\u00fbts des projets de construction complexes.  <br>Les membres de notre \u00e9quipe IPD t\u00e9moignent ici de leur exp\u00e9rience avec cette nouvelle m\u00e9thode.<\/p>\n\n\n\n<div class=\"wp-block-buttons is-layout-flex wp-block-buttons-is-layout-flex\">\n<div class=\"wp-block-button\"><a class=\"wp-block-button__link wp-element-button\" href=\"https:\/\/burckhardt.swiss\/fr\/realisation-de-projet-integree-ipd\/\" target=\"_blank\" rel=\"noreferrer noopener\">en savoir plus<\/a><\/div>\n<\/div>\n<\/div>\n<\/div>\n\n\n\n<div class=\"wp-block-group is-layout-constrained wp-container-core-group-is-layout-5 wp-block-group-is-layout-constrained\">\n<h2 class=\"wp-block-heading has-text-align-center has-big-font-size\" style=\"font-weight:400\"><strong>Processus num\u00e9riques dans l\u2019architecture<\/strong><\/h2>\n\n\n\n<div class=\"wp-block-columns are-vertically-aligned-center is-layout-flex wp-container-core-columns-is-layout-2 wp-block-columns-is-layout-flex\">\n<div class=\"wp-block-column is-vertically-aligned-center is-layout-flow wp-block-column-is-layout-flow\">\n<blockquote class=\"wp-block-quote is-style-overlap-right is-layout-flow wp-block-quote-is-layout-flow\">\n<p>La construction est un <span style=\"text-decoration: underline;\" class=\"u-underline\">sport d\u2019\u00e9quipe<\/span>. La collaboration et l\u2019efficacit\u00e9 qu\u2019elle nous permet d\u2019atteindre sont essentielles.<\/p>\n<cite>Paul Curschellas, responsable VDC\/BIM<\/cite><\/blockquote>\n\n\n\n<div class=\"wp-block-buttons is-layout-flex wp-block-buttons-is-layout-flex\">\n<div class=\"wp-block-button\"><a class=\"wp-block-button__link wp-element-button\" href=\"https:\/\/burckhardt.swiss\/fr\/les-opportunites-de-la-transition-numerique\/\">Lire l&#8217;article<\/a><\/div>\n<\/div>\n<\/div>\n\n\n\n<div class=\"wp-block-column is-vertically-aligned-center is-layout-flow wp-block-column-is-layout-flow\">\n<figure class=\"wp-block-image size-large is-resized\"><img loading=\"lazy\" decoding=\"async\" width=\"1024\" height=\"768\" src=\"https:\/\/burckhardt.swiss\/app\/uploads\/2023\/01\/image001-edited-1024x768.jpg\" alt=\"\" class=\"wp-image-2076\" srcset=\"https:\/\/burckhardt.swiss\/app\/uploads\/2023\/01\/image001-edited-1024x768.jpg 1024w, https:\/\/burckhardt.swiss\/app\/uploads\/2023\/01\/image001-edited-300x225.jpg 300w, https:\/\/burckhardt.swiss\/app\/uploads\/2023\/01\/image001-edited-600x450.jpg 600w, https:\/\/burckhardt.swiss\/app\/uploads\/2023\/01\/image001-edited-500x375.jpg 500w, https:\/\/burckhardt.swiss\/app\/uploads\/2023\/01\/image001-edited-1000x750.jpg 1000w, https:\/\/burckhardt.swiss\/app\/uploads\/2023\/01\/image001-edited-700x525.jpg 700w, https:\/\/burckhardt.swiss\/app\/uploads\/2023\/01\/image001-edited-1400x1050.jpg 1400w, https:\/\/burckhardt.swiss\/app\/uploads\/2023\/01\/image001-edited.jpg 2001w\" sizes=\"auto, (max-width: 1024px) 100vw, 1024px\" \/><\/figure>\n<\/div>\n<\/div>\n<\/div>\n\n\n\n<div class=\"wp-block-group alignfull has-secondary-background-color has-background is-layout-constrained wp-block-group-is-layout-constrained\">\n<h2 class=\"wp-block-heading has-text-align-center\" style=\"font-weight:400\"><strong>Formes de travail flexibles<\/strong><\/h2>\n\n\n<div\n  id=\"block_e1624c044cb2a51e303286a2efeea3ba\"\n  data-block_e1624c044cb2a51e303286a2efeea3ba\n  class=\"fact-list align\"\n>\n      <div class=\"c-block-facts-list c-block-facts-list--desktop \"\n         style=\"grid-template-columns: repeat(auto-fit, minmax(15%, 1fr));\">\n              <Fact\n          :fact=\"{&quot;icon&quot;:&quot;https:\\\/\\\/burckhardt.swiss\\\/app\\\/uploads\\\/2023\\\/01\\\/Frame-4.svg&quot;,&quot;headline&quot;:&quot;BIM, le Building Information Modeling&quot;,&quot;factsDescription&quot;:&quot;La m\\u00e9thode holistique pour augmenter la productivit\\u00e9 dans le secteur de la construction&quot;,&quot;link&quot;:&quot;&quot;}\"\n          :headline-font-weight=\"&quot;bold&quot;\"\n          align=\"center\"\n        ><\/Fact>\n              <Fact\n          :fact=\"{&quot;icon&quot;:&quot;https:\\\/\\\/burckhardt.swiss\\\/app\\\/uploads\\\/2023\\\/01\\\/Frame1.svg&quot;,&quot;headline&quot;:&quot;Gestion de projet agile&quot;,&quot;factsDescription&quot;:&quot;Nos \\u00e9quipes travaillent sur des cycles courts et r\\u00e9agissent de mani\\u00e8re flexible aux changements&quot;,&quot;link&quot;:&quot;&quot;}\"\n          :headline-font-weight=\"&quot;bold&quot;\"\n          align=\"center\"\n        ><\/Fact>\n              <Fact\n          :fact=\"{&quot;icon&quot;:&quot;https:\\\/\\\/burckhardt.swiss\\\/app\\\/uploads\\\/2023\\\/01\\\/Frame3.svg&quot;,&quot;headline&quot;:&quot;Travail interdisciplinaire&quot;,&quot;factsDescription&quot;:&quot;Nous int\\u00e9grons des m\\u00e9thodes et des modes de pens\\u00e9e d&#039;autres disciplines dans nos processus&quot;,&quot;link&quot;:&quot;&quot;}\"\n          :headline-font-weight=\"&quot;bold&quot;\"\n          align=\"center\"\n        ><\/Fact>\n          <\/div>\n\n    <div class=\"c-block-facts-list c-block-facts-list--mobile \">\n      <slider :records=\"[{&quot;icon&quot;:&quot;https:\\\/\\\/burckhardt.swiss\\\/app\\\/uploads\\\/2023\\\/01\\\/Frame-4.svg&quot;,&quot;headline&quot;:&quot;BIM, le Building Information Modeling&quot;,&quot;factsDescription&quot;:&quot;La m\\u00e9thode holistique pour augmenter la productivit\\u00e9 dans le secteur de la construction&quot;,&quot;link&quot;:&quot;&quot;},{&quot;icon&quot;:&quot;https:\\\/\\\/burckhardt.swiss\\\/app\\\/uploads\\\/2023\\\/01\\\/Frame1.svg&quot;,&quot;headline&quot;:&quot;Gestion de projet agile&quot;,&quot;factsDescription&quot;:&quot;Nos \\u00e9quipes travaillent sur des cycles courts et r\\u00e9agissent de mani\\u00e8re flexible aux changements&quot;,&quot;link&quot;:&quot;&quot;},{&quot;icon&quot;:&quot;https:\\\/\\\/burckhardt.swiss\\\/app\\\/uploads\\\/2023\\\/01\\\/Frame3.svg&quot;,&quot;headline&quot;:&quot;Travail interdisciplinaire&quot;,&quot;factsDescription&quot;:&quot;Nous int\\u00e9grons des m\\u00e9thodes et des modes de pens\\u00e9e d&#039;autres disciplines dans nos processus&quot;,&quot;link&quot;:&quot;&quot;}]\">\n        <template #record=\"record\">\n          <Fact\n            :fact=\"record\"\n            :headline-font-weight=\"&quot;bold&quot;\"\n            :align=\"center\"\n          ><\/Fact>\n        <\/template>\n      <\/slider>\n    <\/div>\n  <\/div>\n\n<\/div>\n\n\n\n<div class=\"wp-block-cover alignfull is-light\" style=\"min-height:600px;aspect-ratio:unset;\"><span aria-hidden=\"true\" class=\"wp-block-cover__background has-background-dim-0 has-background-dim\"><\/span><img loading=\"lazy\" decoding=\"async\" width=\"2560\" height=\"1708\" class=\"wp-block-cover__image-background wp-image-2016\" alt=\"\" src=\"https:\/\/burckhardt.swiss\/app\/uploads\/2023\/01\/Lausanne_MG_6491-scaled.jpeg\" style=\"object-position:51% 55%\" data-object-fit=\"cover\" data-object-position=\"51% 55%\" srcset=\"https:\/\/burckhardt.swiss\/app\/uploads\/2023\/01\/Lausanne_MG_6491-scaled.jpeg 2560w, https:\/\/burckhardt.swiss\/app\/uploads\/2023\/01\/Lausanne_MG_6491-300x200.jpeg 300w, https:\/\/burckhardt.swiss\/app\/uploads\/2023\/01\/Lausanne_MG_6491-1024x683.jpeg 1024w, https:\/\/burckhardt.swiss\/app\/uploads\/2023\/01\/Lausanne_MG_6491-600x400.jpeg 600w, https:\/\/burckhardt.swiss\/app\/uploads\/2023\/01\/Lausanne_MG_6491-500x334.jpeg 500w, https:\/\/burckhardt.swiss\/app\/uploads\/2023\/01\/Lausanne_MG_6491-1000x667.jpeg 1000w, https:\/\/burckhardt.swiss\/app\/uploads\/2023\/01\/Lausanne_MG_6491-700x467.jpeg 700w, https:\/\/burckhardt.swiss\/app\/uploads\/2023\/01\/Lausanne_MG_6491-1400x934.jpeg 1400w, https:\/\/burckhardt.swiss\/app\/uploads\/2023\/01\/Lausanne_MG_6491-2000x1334.jpeg 2000w\" sizes=\"auto, (max-width: 2560px) 100vw, 2560px\" \/><div class=\"wp-block-cover__inner-container is-layout-flow wp-block-cover-is-layout-flow\">\n<p class=\"has-text-align-center has-large-font-size\"><\/p>\n<\/div><\/div>\n\n\n\n<div class=\"wp-block-group alignfull has-secondary-background-color has-background is-layout-constrained wp-block-group-is-layout-constrained\">\n<div class=\"wp-block-media-text is-stacked-on-mobile\"><figure class=\"wp-block-media-text__media\"><img loading=\"lazy\" decoding=\"async\" width=\"1024\" height=\"768\" src=\"https:\/\/burckhardt.swiss\/app\/uploads\/2023\/01\/Filip-Coso_MG_0266-edited-1024x768.jpeg\" alt=\"\" class=\"wp-image-1706 size-full\" srcset=\"https:\/\/burckhardt.swiss\/app\/uploads\/2023\/01\/Filip-Coso_MG_0266-edited-1024x768.jpeg 1024w, https:\/\/burckhardt.swiss\/app\/uploads\/2023\/01\/Filip-Coso_MG_0266-edited-300x225.jpeg 300w, https:\/\/burckhardt.swiss\/app\/uploads\/2023\/01\/Filip-Coso_MG_0266-edited-600x450.jpeg 600w, https:\/\/burckhardt.swiss\/app\/uploads\/2023\/01\/Filip-Coso_MG_0266-edited-500x375.jpeg 500w, https:\/\/burckhardt.swiss\/app\/uploads\/2023\/01\/Filip-Coso_MG_0266-edited-1000x750.jpeg 1000w, https:\/\/burckhardt.swiss\/app\/uploads\/2023\/01\/Filip-Coso_MG_0266-edited-700x525.jpeg 700w, https:\/\/burckhardt.swiss\/app\/uploads\/2023\/01\/Filip-Coso_MG_0266-edited-1400x1050.jpeg 1400w, https:\/\/burckhardt.swiss\/app\/uploads\/2023\/01\/Filip-Coso_MG_0266-edited.jpeg 2001w\" sizes=\"auto, (max-width: 1024px) 100vw, 1024px\" \/><\/figure><div class=\"wp-block-media-text__content\">\n<p class=\"has-big-font-size\"><strong>Le BIM facilite notre collaboration<\/strong><\/p>\n\n\n\n<p>Le Building Information Modeling, ou BIM, permet une planification en r\u00e9seau et collaborative de la construction. Mais l\u2019int\u00e9gration du logiciel va bien au-del\u00e0 de cette \u00e9tape et s\u2019\u00e9tend \u00e0 l\u2019ensemble du processus de cr\u00e9ation de valeur d\u2019un b\u00e2timent. Pour tirer le meilleur parti du BIM, il faut red\u00e9finir les r\u00f4les actuels dans le processus de planification. L\u2019architecte Filip Coso \u00e9voque son utilisation chez Burckhardt:<\/p>\n\n\n\n<div class=\"wp-block-buttons is-layout-flex wp-block-buttons-is-layout-flex\">\n<div class=\"wp-block-button\"><a class=\"wp-block-button__link wp-element-button\" href=\"https:\/\/burckhardt.swiss\/fr\/sur-le-terrain-le-bim-chez-burckhardt\/\">en savoir plus<\/a><\/div>\n<\/div>\n<\/div><\/div>\n\n\n\n<div style=\"height:40px\" aria-hidden=\"true\" class=\"wp-block-spacer\"><\/div>\n<\/div>\n\n\n\n<div class=\"wp-block-group is-layout-flow wp-block-group-is-layout-flow\">\n<div class=\"wp-block-columns are-vertically-aligned-center is-layout-flex wp-container-core-columns-is-layout-3 wp-block-columns-is-layout-flex\">\n<div class=\"wp-block-column is-vertically-aligned-center is-layout-flow wp-block-column-is-layout-flow\">\n<blockquote class=\"wp-block-quote has-text-align-left is-style-overlap-right is-layout-flow wp-block-quote-is-layout-flow\">\n<p><strong>Atteindre une <span style=\"text-decoration: underline;\" class=\"u-underline\">qualit\u00e9 architecturale<\/span> \u00e9lev\u00e9e me motive dans tous les projets.<\/strong><\/p>\n<cite>Christoph Jantos, membre de la direction du site de B\u00e2le<\/cite><\/blockquote>\n<\/div>\n\n\n\n<div class=\"wp-block-column is-vertically-aligned-center is-layout-flow wp-block-column-is-layout-flow\">\n<figure class=\"wp-block-image size-large\"><img loading=\"lazy\" decoding=\"async\" width=\"1667\" height=\"1251\" src=\"https:\/\/burckhardt.swiss\/app\/uploads\/2023\/02\/Christoph-Jantos_MG_2053-edited.jpg\" alt=\"\" class=\"wp-image-6277\" srcset=\"https:\/\/burckhardt.swiss\/app\/uploads\/2023\/02\/Christoph-Jantos_MG_2053-edited.jpg 1667w, https:\/\/burckhardt.swiss\/app\/uploads\/2023\/02\/Christoph-Jantos_MG_2053-edited-300x225.jpg 300w, https:\/\/burckhardt.swiss\/app\/uploads\/2023\/02\/Christoph-Jantos_MG_2053-edited-1024x768.jpg 1024w, https:\/\/burckhardt.swiss\/app\/uploads\/2023\/02\/Christoph-Jantos_MG_2053-edited-600x450.jpg 600w, https:\/\/burckhardt.swiss\/app\/uploads\/2023\/02\/Christoph-Jantos_MG_2053-edited-500x375.jpg 500w, https:\/\/burckhardt.swiss\/app\/uploads\/2023\/02\/Christoph-Jantos_MG_2053-edited-1000x750.jpg 1000w, https:\/\/burckhardt.swiss\/app\/uploads\/2023\/02\/Christoph-Jantos_MG_2053-edited-700x525.jpg 700w, https:\/\/burckhardt.swiss\/app\/uploads\/2023\/02\/Christoph-Jantos_MG_2053-edited-1400x1051.jpg 1400w\" sizes=\"auto, (max-width: 1667px) 100vw, 1667px\" \/><\/figure>\n<\/div>\n<\/div>\n<\/div>\n","protected":false},"excerpt":{"rendered":"<p>Notre branche est en pleine mutation: nous rel\u00e8verons ce d\u00e9fi, avec une attitude ambitieuse, de nouvelles m\u00e9thodes de travail et des solutions innovantes. Ensemble, notre intelligence est accrue Tous les membres de nos \u00e9quipes sont impliqu\u00e9s dans le travail interdisciplinaire, avec leurs comp\u00e9tences, leur exp\u00e9rience, leurs points forts, leurs m\u00e9thodes et leurs connaissances. R\u00e9alisation de &hellip;<\/p>\n","protected":false},"author":1,"featured_media":0,"parent":0,"menu_order":3,"comment_status":"closed","ping_status":"closed","template":"","meta":{"_acf_changed":false,"footnotes":""},"class_list":["post-11474","page","type-page","status-publish","hentry"],"acf":[],"_links":{"self":[{"href":"https:\/\/burckhardt.swiss\/fr\/wp-json\/wp\/v2\/pages\/11474","targetHints":{"allow":["GET"]}}],"collection":[{"href":"https:\/\/burckhardt.swiss\/fr\/wp-json\/wp\/v2\/pages"}],"about":[{"href":"https:\/\/burckhardt.swiss\/fr\/wp-json\/wp\/v2\/types\/page"}],"author":[{"embeddable":true,"href":"https:\/\/burckhardt.swiss\/fr\/wp-json\/wp\/v2\/users\/1"}],"replies":[{"embeddable":true,"href":"https:\/\/burckhardt.swiss\/fr\/wp-json\/wp\/v2\/comments?post=11474"}],"version-history":[{"count":20,"href":"https:\/\/burckhardt.swiss\/fr\/wp-json\/wp\/v2\/pages\/11474\/revisions"}],"predecessor-version":[{"id":32661,"href":"https:\/\/burckhardt.swiss\/fr\/wp-json\/wp\/v2\/pages\/11474\/revisions\/32661"}],"wp:attachment":[{"href":"https:\/\/burckhardt.swiss\/fr\/wp-json\/wp\/v2\/media?parent=11474"}],"curies":[{"name":"wp","href":"https:\/\/api.w.org\/{rel}","templated":true}]}}